{"id":1095,"date":"2018-06-25T21:36:01","date_gmt":"2018-06-26T02:36:01","guid":{"rendered":"http:\/\/acuarioredfish.com\/?post_type=product&#038;p=1095"},"modified":"2024-03-03T21:32:43","modified_gmt":"2024-03-04T02:32:43","slug":"mollies-gold-dust","status":"publish","type":"product","link":"http:\/\/acuarioredfish.com\/?product=mollies-gold-dust","title":{"rendered":"Molly Gold dust"},"content":{"rendered":"<div class=\"container1\">\n<p><span style=\"color: #000000;\"><b><span style=\"font-size: large;\">Nombre com\u00fan:<\/span><\/b>\u00a0Pez molly.<\/span><\/p>\n<\/div>\n<div class=\"container1\"><span style=\"color: #000000;\"><b><span style=\"font-size: large;\">Clasificaci\u00f3n:<\/span><\/b>\u00a0<\/span><\/div>\n<div class=\"container1\"><span style=\"color: #000000;\">Clase: Actinopterygii <\/span><\/div>\n<div class=\"container1\"><span style=\"color: #000000;\">Orden: Cyprinodontiformes <\/span><\/div>\n<div class=\"container1\"><span style=\"color: #000000;\">Familia: <em>Poeciliidae <\/em><\/span><\/div>\n<div class=\"container1\"><span style=\"color: #000000;\">Genero: <em>Poecilia <\/em><\/span><\/div>\n<div class=\"container1\">\n<p><span style=\"color: #000000;\">Especie: <em>P. Sphenops<\/em>.\u00a0<\/span><\/p>\n<\/div>\n<div class=\"container1\">\n<p><span style=\"color: #000000;\"><b><span style=\"font-size: large;\">Biotopo:<\/span><\/b>\u00a0Se encuentran desde r\u00edos hasta desembocaduras de agua salobre.<\/span><\/p>\n<\/div>\n<div class=\"container1\">\n<p><span style=\"color: #000000;\"><b><span style=\"font-size: large;\">Distribuci\u00f3n:<\/span><\/b>\u00a0Continente americano, desde M\u00e9xico hasta Colombia.<\/span><\/p>\n<\/div>\n<div class=\"container1\">\n<p><span style=\"color: #000000;\"><b><span style=\"font-size: large;\">Forma:<\/span><\/b>\u00a0Cuerpo alargado y robusto, con la cabeza terminando en punta y la boca en posici\u00f3n horizontal. La aleta dorsal deber\u00eda de ser corta, redondeada y algo triangular en las especies originales, pero debido a la gran tasa de hibridaci\u00f3n con las especies latipina y velifera, se ha llegado a considerar a estas tres especies como una sola. El molly balon es tambien una variedad del P. sphenops, la cual tiene un cuerpo mas corto y redondeado que este ultimo.<\/span><\/p>\n<\/div>\n<div class=\"container1\">\n<p><span style=\"color: #000000;\"><b><span style=\"font-size: large;\">Coloraci\u00f3n:<\/span><\/b>\u00a0El color original es gris con manchas negras. Estos peces, a los que se les llama \u00abpicados\u00bb o bien \u00abdalmatas\u00bb gustan menos a los aficionados que los ejemplares negro-aterciopelados obtenidos por selecci\u00f3n. Por estas preferencias se ha llegado a pensar que el color original de la especie es el negro. Aparte del negro y el dalmata, podemos encontrar variedades de colores diferentes como el silverado, el blanco puro, el marmoleado, el naranja, el bicolor, entre otros.<\/span><\/p>\n<\/div>\n<div class=\"container1\">\n<p><span style=\"color: #000000;\"><b><span style=\"font-size: large;\">Tama\u00f1o:<\/span><\/b>\u00a0Entre 5 y 12cm<\/span><\/p>\n<\/div>\n<div class=\"container1\">\n<p><span style=\"color: #000000;\"><b><span style=\"font-size: large;\">Diferencias sexuales:<\/span><\/b>\u00a0El macho es mas peque\u00f1o que la hembra, alcanzando aprox. los 6 o 7cm y las hembras los 10cm. sin mencionar la presencia de gonopodio (aleta anal en punta, modificada para fertilizar a las hembras) en los machos, caracter\u00edstico de los pec\u00edlidos.<\/span><\/p>\n<\/div>\n<div class=\"container1\">\n<p><span style=\"color: #000000;\"><b><span style=\"font-size: large;\">Temperatura:<\/span><\/b>\u00a0Prefieren aguas c\u00e1lidas, que vayan de los 24\u00b0 a los 30\u00b0<\/span><\/p>\n<\/div>\n<div class=\"container1\">\n<p><span style=\"color: #000000;\"><b><span style=\"font-size: large;\">Agua:<\/span><\/b>\u00a0Es recomendable suministrarles agua de dura a muy dura entre los 15 a 30 DH. Prefieren un PH alcalino de 7,0 a 8,0<\/span><\/p>\n<\/div>\n<div class=\"container1\">\n<p><span style=\"color: #000000;\"><b><span style=\"font-size: large;\">Acuario:<\/span><\/b>\u00a0Gustan de acuarios grandes y suficientemente amplios donde puedan nadar libremente, los cuales deben de estar plantados, preferiblemente, con sagitarias o cabombas para ayudar a las hembras a parir o bien, a esconderse de los acosos constantes de los machos.<\/span><\/p>\n<\/div>\n<div class=\"container1\">\n<p><span style=\"color: #000000;\"><b><span style=\"font-size: large;\">Alimentaci\u00f3n:<\/span><\/b>\u00a0Omnivoro, con aporte de algas verdes o espinacas.<\/span><\/p>\n<\/div>\n<div class=\"container1\">\n<p><span style=\"color: #000000;\"><b><span style=\"font-size: large;\">Comportamiento:<\/span><\/b>\u00a0Son de car\u00e1cter pacifico y activo, como cualquier otro pec\u00edlido. Los machos pueden llegar a ser un poco territoriales, pero raramente sucede esto. Se adaptan muy bien a los acuarios comunitarios y raramente atacaran a otros peces, amenos que estos tengan aletas lo suficientemente grandes para que los tienten a mordisquearlas.<\/span><\/p>\n<\/div>\n<div class=\"container1\">\n<p><span style=\"color: #000000;\"><b><span style=\"font-size: large;\">Esperanza de vida:<\/span><\/b>\u00a0Entre 2 a 4 a\u00f1os<\/span><\/p>\n<\/div>\n<div class=\"container1\"><span style=\"color: #000000;\"><b><span style=\"font-size: large;\">Reproducci\u00f3n:<\/span><\/b>\u00a0Como cualquier otro pec\u00edlido, la reproducci\u00f3n suele ser bastante f\u00e1cil y no representa ning\u00fan problema. los mollys son peces ovoviv\u00edparos por lo que sus huevos quedan alojados en el vientre de la madre y los mismos alevines nacer\u00e1n ya formados. Debemos colocar en el acuario 3 o 4 hembras por cada macho. Los machos tienden a perseguir insaciablemente a las hembras por toda la pecera en intentos para fertilizarla. Por lo general, casi siempre suelen ser fecundadas. Cuando la hembra este previamente fecundada, al cabo de unos d\u00edas nos daremos cuenta de esto con el crecimiento exagerado del vientre de la madre. la gestacion dura entre 5 y 9 semanas, apartir de la cuarta o tercer semana (o bien, cuando creamos que estan a punto de parir las madres) tendremos que retirarla(s) a un acuario de 20 lt. aprox. a una temperatura superior a los 24\u00b0, preferiblemente plantado por Riccia o musgo de java. Una vez comprobado el nacimiento, ya sea por la presencia de los alevines, o bien, por el adelgazamiento de la madre, procederemos a retirar a la misma, ya que esta tiende a devorar a sus cr\u00edas. Al segundo d\u00eda de nacidos, los alevines ya pueden comer, los podemos alimentar con alimento vivo (de preferencia, pulga de agua) o con escamas finamente trituradas. Cuando lleguen a la edad adulta, que es aprox a los 3 meses (nos daremos cuenta por la presencia de gonopodio en los machos) tendremos que separar a hembras y machos, ya que pueden tener un \u00abembarazo prema<\/span>turo\u00bb. No es recomendable utilizar maternidades, ya que estas estresan a las madres y retrasan el crecimiento de los alevines natos.<\/div>\n","protected":false},"excerpt":{"rendered":"<p>Tama\u00f1o: 3 &#8211; 4 cm<\/p>\n<p>Presentaci\u00f3n: 01 individuo|03 individuos|06 individuos<\/p>\n","protected":false},"featured_media":1098,"comment_status":"open","ping_status":"closed","template":"","meta":[],"product_cat":[32,65,73],"product_tag":[],"class_list":{"0":"post-1095","1":"product","2":"type-product","3":"status-publish","4":"has-post-thumbnail","6":"product_cat-americanos","7":"product_cat-peces-de-zona-media","8":"product_cat-viviparos","9":"product_shipping_class-especial-animales-vivos","11":"first","12":"instock","13":"shipping-taxable","14":"purchasable","15":"product-type-variable","16":"has-default-attributes"},"_links":{"self":[{"href":"http:\/\/acuarioredfish.com\/index.php?rest_route=\/wp\/v2\/product\/1095","targetHints":{"allow":["GET"]}}],"collection":[{"href":"http:\/\/acuarioredfish.com\/index.php?rest_route=\/wp\/v2\/product"}],"about":[{"href":"http:\/\/acuarioredfish.com\/index.php?rest_route=\/wp\/v2\/types\/product"}],"replies":[{"embeddable":true,"href":"http:\/\/acuarioredfish.com\/index.php?rest_route=%2Fwp%2Fv2%2Fcomments&post=1095"}],"wp:featuredmedia":[{"embeddable":true,"href":"http:\/\/acuarioredfish.com\/index.php?rest_route=\/wp\/v2\/media\/1098"}],"wp:attachment":[{"href":"http:\/\/acuarioredfish.com\/index.php?rest_route=%2Fwp%2Fv2%2Fmedia&parent=1095"}],"wp:term":[{"taxonomy":"product_cat","embeddable":true,"href":"http:\/\/acuarioredfish.com\/index.php?rest_route=%2Fwp%2Fv2%2Fproduct_cat&post=1095"},{"taxonomy":"product_tag","embeddable":true,"href":"http:\/\/acuarioredfish.com\/index.php?rest_route=%2Fwp%2Fv2%2Fproduct_tag&post=1095"}],"curies":[{"name":"wp","href":"https:\/\/api.w.org\/{rel}","templated":true}]}}