{"id":1280,"date":"2018-07-18T14:18:49","date_gmt":"2018-07-18T19:18:49","guid":{"rendered":"http:\/\/acuarioredfish.com\/?post_type=product&#038;p=1280"},"modified":"2018-07-18T14:47:31","modified_gmt":"2018-07-18T19:47:31","slug":"rack-acrilico-para-herramientas-de-acuapaisajismo","status":"publish","type":"product","link":"http:\/\/acuarioredfish.com\/?product=rack-acrilico-para-herramientas-de-acuapaisajismo","title":{"rendered":"Rack Acrilico para herramientas de acuapaisajismo"},"content":{"rendered":"<p>Rack acr\u00edlico para Herramientas de acuapaisajismo.<\/p>\n<p>&nbsp;<\/p>\n<p>Especificaciones:<\/p>\n<p>Color: Cristal<\/p>\n<p>Material: Acr\u00edlico<br \/>\nDimensiones: como muestra la imagen<\/p>\n<p>Caracter\u00edsticas:<\/p>\n<p>Material acr\u00edlico, no t\u00f3xico con buena transparencia y resistencia a la corrosi\u00f3n<\/p>\n<p>F\u00e1cil de usar y conveniente para limpiar<\/p>\n","protected":false},"excerpt":{"rendered":"<p>Presentaci\u00f3n: unidad<\/p>\n","protected":false},"featured_media":1257,"comment_status":"open","ping_status":"closed","template":"","meta":[],"product_cat":[53],"product_tag":[],"class_list":{"0":"post-1280","1":"product","2":"type-product","3":"status-publish","4":"has-post-thumbnail","6":"product_cat-acuapaisajismo","8":"first","9":"instock","10":"shipping-taxable","11":"purchasable","12":"product-type-simple"},"_links":{"self":[{"href":"http:\/\/acuarioredfish.com\/index.php?rest_route=\/wp\/v2\/product\/1280","targetHints":{"allow":["GET"]}}],"collection":[{"href":"http:\/\/acuarioredfish.com\/index.php?rest_route=\/wp\/v2\/product"}],"about":[{"href":"http:\/\/acuarioredfish.com\/index.php?rest_route=\/wp\/v2\/types\/product"}],"replies":[{"embeddable":true,"href":"http:\/\/acuarioredfish.com\/index.php?rest_route=%2Fwp%2Fv2%2Fcomments&post=1280"}],"wp:featuredmedia":[{"embeddable":true,"href":"http:\/\/acuarioredfish.com\/index.php?rest_route=\/wp\/v2\/media\/1257"}],"wp:attachment":[{"href":"http:\/\/acuarioredfish.com\/index.php?rest_route=%2Fwp%2Fv2%2Fmedia&parent=1280"}],"wp:term":[{"taxonomy":"product_cat","embeddable":true,"href":"http:\/\/acuarioredfish.com\/index.php?rest_route=%2Fwp%2Fv2%2Fproduct_cat&post=1280"},{"taxonomy":"product_tag","embeddable":true,"href":"http:\/\/acuarioredfish.com\/index.php?rest_route=%2Fwp%2Fv2%2Fproduct_tag&post=1280"}],"curies":[{"name":"wp","href":"https:\/\/api.w.org\/{rel}","templated":true}]}}