{"id":1281,"date":"2018-07-18T15:19:42","date_gmt":"2018-07-18T20:19:42","guid":{"rendered":"http:\/\/acuarioredfish.com\/?post_type=product&#038;p=1281"},"modified":"2024-02-28T22:33:54","modified_gmt":"2024-02-29T03:33:54","slug":"arena-de-silice","status":"publish","type":"product","link":"http:\/\/acuarioredfish.com\/?product=arena-de-silice","title":{"rendered":"Arena de Silice"},"content":{"rendered":"<p>La arena de S\u00edlice est\u00e1 compuesta por di\u00f3xido de Silicio (Si O2) en m\u00e1s de un 99 % y de peque\u00f1as cantidades de otros minerales, generalmente en forma de \u00f3xidos. Se trata de una mol\u00e9cula formada por dos \u00e1tomos de ox\u00edgeno y un \u00e1tomo de silicio. Esta mol\u00e9cula es muy estable, es insoluble en agua y posee una gran dureza<\/p>\n<p>Granulometria: 0.5- 1 mm<\/p>\n","protected":false},"excerpt":{"rendered":"<p>Presentaci\u00f3n: bolsa x 01 kilo\/bolsa x 05 kilos<\/p>\n","protected":false},"featured_media":1291,"comment_status":"open","ping_status":"closed","template":"","meta":[],"product_cat":[51],"product_tag":[],"class_list":{"0":"post-1281","1":"product","2":"type-product","3":"status-publish","4":"has-post-thumbnail","6":"product_cat-sustratos-inertes","7":"product_shipping_class-material-pesado","9":"first","10":"instock","11":"shipping-taxable","12":"purchasable","13":"product-type-variable","14":"has-default-attributes"},"_links":{"self":[{"href":"http:\/\/acuarioredfish.com\/index.php?rest_route=\/wp\/v2\/product\/1281","targetHints":{"allow":["GET"]}}],"collection":[{"href":"http:\/\/acuarioredfish.com\/index.php?rest_route=\/wp\/v2\/product"}],"about":[{"href":"http:\/\/acuarioredfish.com\/index.php?rest_route=\/wp\/v2\/types\/product"}],"replies":[{"embeddable":true,"href":"http:\/\/acuarioredfish.com\/index.php?rest_route=%2Fwp%2Fv2%2Fcomments&post=1281"}],"wp:featuredmedia":[{"embeddable":true,"href":"http:\/\/acuarioredfish.com\/index.php?rest_route=\/wp\/v2\/media\/1291"}],"wp:attachment":[{"href":"http:\/\/acuarioredfish.com\/index.php?rest_route=%2Fwp%2Fv2%2Fmedia&parent=1281"}],"wp:term":[{"taxonomy":"product_cat","embeddable":true,"href":"http:\/\/acuarioredfish.com\/index.php?rest_route=%2Fwp%2Fv2%2Fproduct_cat&post=1281"},{"taxonomy":"product_tag","embeddable":true,"href":"http:\/\/acuarioredfish.com\/index.php?rest_route=%2Fwp%2Fv2%2Fproduct_tag&post=1281"}],"curies":[{"name":"wp","href":"https:\/\/api.w.org\/{rel}","templated":true}]}}