{"id":1462,"date":"2018-08-15T18:34:12","date_gmt":"2018-08-15T23:34:12","guid":{"rendered":"http:\/\/acuarioredfish.com\/?post_type=product&#038;p=1462"},"modified":"2024-12-31T17:26:08","modified_gmt":"2024-12-31T22:26:08","slug":"tetra-corazon-sangrante","status":"publish","type":"product","link":"http:\/\/acuarioredfish.com\/?product=tetra-corazon-sangrante","title":{"rendered":"Tetra Coraz\u00f3n Sangrante"},"content":{"rendered":"<p><strong>Nombre cient\u00edfico:<\/strong> <em>Hyphessobrycon erythrostigma<\/em><\/p>\n<p><strong>Nombre com\u00fan:\u00a0<\/strong>Tetra Coraz\u00f3n Sangrante, Tetra de Mancha Roja, Tetra de P\u00e9rez<\/p>\n<p><strong>Taxonom\u00eda<\/strong><br \/>\nFamilia: <em>Characidae<\/em><br \/>\nG\u00e9nero: <em>Hyphessobrycon<\/em><br \/>\nEspecie: <em>H. erythrostigma<\/em><\/p>\n<p><strong>Distribuci\u00f3n<\/strong>:\u00a0habita en Colombia y la cuenca amaz\u00f3nica de la zona superior entre Brasil y Per\u00fa, siendo en este \u00faltimo pa\u00eds, especialmente abundante.<\/p>\n<p><strong>H\u00e1bitat Natural:\u00a0\u00a0<\/strong>Su h\u00e1bitat m\u00e1s t\u00edpico lo constituyen las aguas de peque\u00f1os y medianos arroyos, preferentemente en las orillas con abundante vegetaci\u00f3n flotante, en donde vive en bancos m\u00e1s o menos numerosos.<\/p>\n<p><strong>Caracter\u00edsticas<\/strong>: Una de sus principales peculiaridades\u00a0es su aleta dorsal, mucho m\u00e1s prolongada en los machos. La aleta anal tambi\u00e9n es alargada presentando un borde negro y un color blanco azulado.\u00a0Es una especie longeva que\u00a0vive hasta diez a\u00f1os\u00a0en las condiciones apropiadas y es francamente resistente.<\/p>\n<p><strong>Biotipo:\u00a0<\/strong>Es un car\u00e1cido de cuerpo robusto, alto y comprimido lateralmente.<\/p>\n<p><strong>Tama\u00f1o<\/strong>: Puede alcanzar un tama\u00f1o entre 6 y 7 cm.<\/p>\n<p><strong>Forma \u2013 Morfolog\u00eda:\u00a0<\/strong>De cuerpo ancho y robusto, comprimido lateralmente y con forma de rombo. Dispone de una aleta adiposa al igual que el resto de miembros de su misma familia. La boca es robusta y est\u00e1 orientada hacia arriba.<\/p>\n<p><strong>Alimentaci\u00f3n:\u00a0<\/strong>Es omn\u00edvoro. En libertad es pr\u00e1cticamente carn\u00edvoro, capturando peque\u00f1os gusanos, insectos y otros invertebrados. En cautiverio aceptan todo tipo de comida seca, liofilizada, viva o congelada, incluyendo por supuesto papilla y trocitos de gamba o mejill\u00f3n.<\/p>\n<p><strong>Coloraci\u00f3n:\u00a0<\/strong>El cuerpo presenta un color beige, con ligeros matices rojizos o ros\u00e1ceos, que se detectan mejor cuando el pez se excita, los costados con tonos plateados iridiscentes y la zona ventral de color anaranjado de aspecto nacarado. En la parte central del cuerpo presenta una mancha roja, que distingue a la especie y le da su nombre.<\/p>\n<p>Desde m\u00e1s o menos la mitad del cuerpo, es decir un poco m\u00e1s atr\u00e1s de la citada mancha rojiza, hasta la base de la cola tiene una l\u00ednea longitudinal rojiza, que se aprecia m\u00e1s o menos seg\u00fan los ejemplares y su estado de \u00e1nimo. Una l\u00ednea vertical negra le recorre el ojo, que presenta la parte superior de color rojo.<\/p>\n<p><strong>Comportamiento:\u00a0<\/strong>Tiene un car\u00e1cter pac\u00edfico, gregario y algo asustadizo. Debe ser mantenido en grupos de al menos 10 individuos, aunque tambi\u00e9n puede ser mantenido en pareja sin problemas. En ocasiones es posible observar a los machos intentando intimidarse entre s\u00ed, abriendo al m\u00e1ximo las aletas y los op\u00e9rculos. Es un pez muy activo.<\/p>\n<p><strong>Sociabilidad:\u00a0<\/strong>Es apto para el acuario comunitario, con la \u00fanica precauci\u00f3n de que no se mantenga con otras especies demasiado nerviosas y de movimientos muy r\u00e1pidos, que puedan tenerle permanentemente asustado.<\/p>\n<p><strong>Reproducci\u00f3n:\u00a0<\/strong>Su reproducci\u00f3n es complicada en cautividad, pero no imposible. Es imprescindible para lograr la reproducci\u00f3n, que los posibles reproductores sean alimentados previamente con alimento vivo. Se reproducen en pareja y dispersan los huevos, que se quedan entre la vegetaci\u00f3n circundante.\u2028El cortejo se suele realizar a primera hora de la ma\u00f1ana y comienza cuando los machos persiguen a las hembras hasta lograr situarse ambos en las cercan\u00edas de alguna planta. Posteriormente se colocan uno al lado del otro, el macho abraza a la hembra arqueando su cuerpo y la induce a poner los huevos mediante toques en los costados. El n\u00famero de huevos por puesta var\u00eda entre 300 y 400. Una vez conseguida la puesta, se recomienda separar a los padres y dejar la luz del acuario muy tenue. La eclosi\u00f3n se produce a las 24-36 horas. Los alevines nadan libremente en 5 d\u00edas. Su alimentaci\u00f3n se puede llevar a cabo con infusorios y nauplios de artemia, durante los primeros 10 d\u00edas; luego ya son capaces de aceptar comida seca para alevines.<\/p>\n<p><strong>Expectativa de Vida:\u00a0<\/strong>Su esperanza de vida es de 10 a\u00f1os.<\/p>\n<p><strong>Diferencias Sexuales \u2013 Dimorfismo Sexual:\u00a0<\/strong>La aleta dorsal de los machos est\u00e1 muy desarrollada. La coloraci\u00f3n de la aleta dorsal, en la base tiene un color blanquecino, el resto es de color negro con las puntas del mismo color que la base. La aleta anal es m\u00e1s puntiaguda y la coloraci\u00f3n es blanca.<\/p>\n<p>Las hembras tienen el vientre m\u00e1s abultado y la aleta anal de un color m\u00e1s tenue.<\/p>\n<p><strong>Acuario Apropiado \u2013 Mantenimiento en Acuario:\u00a0<\/strong>Acuario de 90 litros en adelante para 10 ejemplares. Se recomienda un acuario densamente plantado en distintas zonas, para poder refugiarse. No olvidar dejar un amplio espacio despejado para el nado, ya que es un pez muy activo. Se recomienda la filtraci\u00f3n con turba. Iluminaci\u00f3n debe ser media a baja, o en su caso con algunas plantas superficiales. Es aconsejable utilizar un sustrato oscuro.<\/p>\n<p><strong>Agua<\/strong><br \/>\nAgua blanda a medianamente dura.<\/p>\n<p><strong>Dureza<\/strong><br \/>\nEntre 2\u00b0 y 10\u00b0 GH.<\/p>\n<p><strong>Nivel<\/strong><br \/>\nInferior y medio.<\/p>\n<p><strong>pH<\/strong><br \/>\nEntre 5 y 7.<\/p>\n<p><strong>Temperatura<\/strong><br \/>\nEntre 24\u00b0 y 28\u00b0 C.<\/p>\n","protected":false},"excerpt":{"rendered":"<p>Presentaci\u00f3n:\u00a0<strong>01 individuo|03 individuos|06 individuos|12 individuos<\/strong><\/p>\n<p>Tama\u00f1o: 2 cm<\/p>\n","protected":false},"featured_media":1470,"comment_status":"open","ping_status":"closed","template":"","meta":[],"product_cat":[30,65,69],"product_tag":[],"class_list":{"0":"post-1462","1":"product","2":"type-product","3":"status-publish","4":"has-post-thumbnail","6":"product_cat-peces-amazonicos","7":"product_cat-peces-de-zona-media","8":"product_cat-tetras","9":"product_shipping_class-especial-animales-vivos","11":"first","12":"outofstock","13":"shipping-taxable","14":"product-type-variable","15":"has-default-attributes"},"_links":{"self":[{"href":"http:\/\/acuarioredfish.com\/index.php?rest_route=\/wp\/v2\/product\/1462","targetHints":{"allow":["GET"]}}],"collection":[{"href":"http:\/\/acuarioredfish.com\/index.php?rest_route=\/wp\/v2\/product"}],"about":[{"href":"http:\/\/acuarioredfish.com\/index.php?rest_route=\/wp\/v2\/types\/product"}],"replies":[{"embeddable":true,"href":"http:\/\/acuarioredfish.com\/index.php?rest_route=%2Fwp%2Fv2%2Fcomments&post=1462"}],"wp:featuredmedia":[{"embeddable":true,"href":"http:\/\/acuarioredfish.com\/index.php?rest_route=\/wp\/v2\/media\/1470"}],"wp:attachment":[{"href":"http:\/\/acuarioredfish.com\/index.php?rest_route=%2Fwp%2Fv2%2Fmedia&parent=1462"}],"wp:term":[{"taxonomy":"product_cat","embeddable":true,"href":"http:\/\/acuarioredfish.com\/index.php?rest_route=%2Fwp%2Fv2%2Fproduct_cat&post=1462"},{"taxonomy":"product_tag","embeddable":true,"href":"http:\/\/acuarioredfish.com\/index.php?rest_route=%2Fwp%2Fv2%2Fproduct_tag&post=1462"}],"curies":[{"name":"wp","href":"https:\/\/api.w.org\/{rel}","templated":true}]}}