{"id":1489,"date":"2018-08-16T17:05:22","date_gmt":"2018-08-16T22:05:22","guid":{"rendered":"http:\/\/acuarioredfish.com\/?post_type=product&#038;p=1489"},"modified":"2024-03-04T21:55:38","modified_gmt":"2024-03-05T02:55:38","slug":"tetra-hacha-marmol","status":"publish","type":"product","link":"http:\/\/acuarioredfish.com\/?product=tetra-hacha-marmol","title":{"rendered":"Tetra Hacha Marmol"},"content":{"rendered":"<p class=\"post-title\"><strong>Nombre cient\u00edfico:<\/strong>\u00a0 Carnegiella strigata<\/p>\n<div class=\"entry clearfix\">\n<p><strong>Nombre com\u00fan:<\/strong>\u00a0Pez hacha m\u00e1rmol, Pechona de m\u00e1rmol, machete, hachita, chirola, pechudito. Carnegiella strigata.<\/p>\n<p>Primera importaci\u00f3n en 1910 por Myer para el acuario de Hamburgo.<\/p>\n<p><strong>Clasificaci\u00f3n:<\/strong><br \/>\n\u2022 Orden: Characiformes.<br \/>\n\u2022 Familia: <em>Gasteropelecidae<\/em><\/p>\n<p><strong>Biotopo:\u00a0<\/strong>Arroyos de la selva amaz\u00f3nica.<\/p>\n<p><strong>Distribuci\u00f3n:\u00a0<\/strong>Regiones amaz\u00f3nicas. Bastante amplia en Sudam\u00e9rica. Brasil, Per\u00fa Guyana, Guayana francesa, Surinam, Venezuela, Per\u00fa, Colombia, Bolivia.<\/p>\n<p><strong>Forma:\u00a0<\/strong>Tiene forma de hacha; perfil dorsal recto; a partir de una boca peque\u00f1a, situada ligeramente por encima del hocico, arranca la l\u00ednea ventral \u201ccarenada\u201d que se dobla en semic\u00edrculo hacia abajo y se remonta de nuevo hasta alcanzar el ped\u00fanculo caudal; las aletas pectorales son muy largas, en forma de alas.<\/p>\n<p><strong>Coloraci\u00f3n:\u00a0<\/strong>Tonalidad de fondo verdosa, a menudo ligeramente viol\u00e1cea con reflejos plateados; el dorso es m\u00e1s oscuro; una banda oscura longitudinal se dispone entre el op\u00e9rculo y la ra\u00edz caudal; el vientre est\u00e1 recorrido por bandas transversales irregulares.<\/p>\n<p><strong>Tama\u00f1o:\u00a0<\/strong>4,5 cm aproximadamente.<\/p>\n<p><strong>Diferencias sexuales:\u00a0\u00a0<\/strong>El abdomen de las hembras es de mayor tama\u00f1o que el de los machos. Mediante observaci\u00f3n por transparencia de los huevos es posible identificar a los sexos.<\/p>\n<p><strong>Temperatura:\u00a0<\/strong>Entre 25 y 30 \u00baC.<\/p>\n<p><strong>Agua:\u00a0<\/strong>pH: ligeramente \u00e1cido 5.5 \u2013 6.5. Dureza del agua: blanda 5\u00badGH \u2013 10\u00badGH.<\/p>\n<p><strong>Acuario:\u00a0<\/strong>Tama\u00f1o acuario, 60 cm. Comunitario con otros de su misma especie, como Thoracocharax stellatus grandes, Gasteropelecus y Carac\u00ednidos. Luz apagada, cobertura mediante plantas flotantes, fondo oscuro sin demasiada vegetaci\u00f3n.<\/p>\n<p><strong>Alimentaci\u00f3n:\u00a0<\/strong>Omnivoro. Alimento vivo (mosquitos, moscas del vinagre, larvas). Alimentos en escamas para peces, liofilizados\u2026 (no comen del fondo).<\/p>\n<p><strong>Comportamiento:\u00a0<\/strong>Especie pac\u00edfica y saltarina, de h\u00e1bitos nocturnos. Vive en grupos pero con un solo macho. Su compatibilidad es casi absoluta, puede mantenerse junto a otras especies. La especie vive en superficie y puede realizar vuelos planeados de 4 o 5 metros de longitud. Imprecindible que el acuario est\u00e9 bien tapado.<\/p>\n<p><strong>Reproducci\u00f3n:\u00a0<\/strong>Desconocida en acuarios. Con respecto a la reproducci\u00f3n existen muy escasos registros de \u00e9xitos en este aspecto. Pero en su medio natural en el momento de la reproducci\u00f3n se requieren temperaturas que oscilan entre 25-28\u00baC. Tras un per\u00edodo de galanteo donde el macho agita fuertemente sus aletas pectorales alrededor de la hembra. El desove se da entre las plantas de hojas finas. Los huevos se adhieren a estas hojas y tardan en hacer eclosi\u00f3n unas 30 horas. Las cr\u00edas nadan luego de 5 d\u00edas aproximadamente, hasta que alcanzan a desarrollar la t\u00edpica forma del adulto, 20 d\u00edas.<\/p>\n<\/div>\n","protected":false},"excerpt":{"rendered":"<p>Presentaci\u00f3n:\u00a0<strong>01 individuo|03 individuos|06 individuos|12 individuos<\/strong><\/p>\n<p>Tama\u00f1o: 2 cm<\/p>\n","protected":false},"featured_media":1511,"comment_status":"open","ping_status":"closed","template":"","meta":[],"product_cat":[30,64,69],"product_tag":[],"class_list":{"0":"post-1489","1":"product","2":"type-product","3":"status-publish","4":"has-post-thumbnail","6":"product_cat-peces-amazonicos","7":"product_cat-peces-de-superficie","8":"product_cat-tetras","9":"product_shipping_class-especial-animales-vivos","11":"first","12":"outofstock","13":"shipping-taxable","14":"product-type-variable","15":"has-default-attributes"},"_links":{"self":[{"href":"http:\/\/acuarioredfish.com\/index.php?rest_route=\/wp\/v2\/product\/1489","targetHints":{"allow":["GET"]}}],"collection":[{"href":"http:\/\/acuarioredfish.com\/index.php?rest_route=\/wp\/v2\/product"}],"about":[{"href":"http:\/\/acuarioredfish.com\/index.php?rest_route=\/wp\/v2\/types\/product"}],"replies":[{"embeddable":true,"href":"http:\/\/acuarioredfish.com\/index.php?rest_route=%2Fwp%2Fv2%2Fcomments&post=1489"}],"wp:featuredmedia":[{"embeddable":true,"href":"http:\/\/acuarioredfish.com\/index.php?rest_route=\/wp\/v2\/media\/1511"}],"wp:attachment":[{"href":"http:\/\/acuarioredfish.com\/index.php?rest_route=%2Fwp%2Fv2%2Fmedia&parent=1489"}],"wp:term":[{"taxonomy":"product_cat","embeddable":true,"href":"http:\/\/acuarioredfish.com\/index.php?rest_route=%2Fwp%2Fv2%2Fproduct_cat&post=1489"},{"taxonomy":"product_tag","embeddable":true,"href":"http:\/\/acuarioredfish.com\/index.php?rest_route=%2Fwp%2Fv2%2Fproduct_tag&post=1489"}],"curies":[{"name":"wp","href":"https:\/\/api.w.org\/{rel}","templated":true}]}}