{"id":1513,"date":"2018-08-16T17:49:15","date_gmt":"2018-08-16T22:49:15","guid":{"rendered":"http:\/\/acuarioredfish.com\/?post_type=product&#038;p=1513"},"modified":"2024-03-03T22:42:39","modified_gmt":"2024-03-04T03:42:39","slug":"otocinclus-dorado","status":"publish","type":"product","link":"http:\/\/acuarioredfish.com\/?product=otocinclus-dorado","title":{"rendered":"Otocinclus dorado"},"content":{"rendered":"<p class=\"post-title\"><strong>Nombre cient\u00edfico:<\/strong>\u00a0<em>Otocinclus affinis\u00a0<\/em><\/p>\n<div class=\"entry clearfix\">\n<p><strong>Nombre com\u00fan:<\/strong>\u00a0Otocinclo dorado. Otocinclus affinis.<\/p>\n<p><strong>Clasificaci\u00f3n:<\/strong><br \/>\n\u2022 Orden: Siluriformes.<br \/>\n\u2022 Familia: <em>Loricariidae<\/em>. (Loric\u00e1ridos).<br \/>\n\u2022 Subfamilia: <em>Hypoptopomatinae<\/em>.<\/p>\n<p><strong>Bi\u00f3topo:\u00a0<\/strong>Zonas con vegetaci\u00f3n acu\u00e1tica, en el lecho de r\u00edos de curso lento y r\u00e1pido.<\/p>\n<p><strong>Distribuci\u00f3n:\u00a0<\/strong>Brasil, Matogrosso.<\/p>\n<p><strong>Forma:\u00a0<\/strong>Cuerpo fusiforme de aspecto ventralmente aplanado. Boca suctora en disposici\u00f3n \u00ednfera; ojos en disposici\u00f3n lateral. Presentan espina de refuerzo en todas las aletas, excepto en la adiposa y caudal.<\/p>\n<p><strong>Coloraci\u00f3n:\u00a0<\/strong>Color de fondo ocre-dorado (de ah\u00ed su nombre com\u00fan). Presenta una distintiva franja negra que va desde la base de la aleta caudal hasta la porci\u00f3n terminal de su boca. Va con un moteado negro a caf\u00e9 obscuro discontinuo en todo el dorso, hasta la base de la caudal. Sobre el ped\u00fanculo caudal tiene una marca redondeada (a menudo dividida en dos) que entra en parte en la aleta caudal, lo que le diferencia de otras especies de Otocinclus, de las que es dif\u00edcil de distinguir. Especialmente se confunde a menudo con O. mariae y O. vittatus, cuya coloraci\u00f3n est\u00e1 basada m\u00e1s en grises que en ocres y cuya mancha en el ped\u00fanculo caudal es \u00fanica.<\/p>\n<p><strong>Tama\u00f1o:\u00a0<\/strong>Hasta 4cm.<\/p>\n<p><strong>Diferencias sexuales:\u00a0<\/strong>La hembra es de talla robusta y redondeada y de mayor tama\u00f1o que el macho (m\u00e1s visible si se observan los peces desde arriba); Macho m\u00e1s esbelto y de talla algo menor que la de la hembra.<\/p>\n<p><strong>Temperatura:\u00a0<\/strong>21\u00b0 a 26\u00b0C. Soportan mal temperaturas superiores.<\/p>\n<p><strong>Agua:\u00a0<\/strong>pH: 5.5 a 7.5 GH: 3\u00bad a 14\u00bad. Blanda a semiblanda. Nunca agregar sal. Los peces son bastante sensibles a los par\u00e1metros del agua y a su estabilidad. Son dif\u00edciles de aclimatar y han de extremarse las precauciones al introducirlos por primera vez en un acuario (aclimataci\u00f3n lenta y controlada, preferentemente con gotero). Los nitratos han de mantenerse por debajo de los 10 mg\/l., ya que son muy sensibles a ellos. A menudo, ante una mala calidad del agua en el acuario, los primeros en morir son los otocinclus.<\/p>\n<p>Tambi\u00e9n son muy sensibles a las medicaciones, y suelen morir cuando se medican los tanques. En particular no resisten tratamientos con insectidas (cobre, flubenol, lombricure, triclorf\u00f3n, masot\u00e9n, neguv\u00f3n, dilox, etc,).<\/p>\n<p><strong>Acuario:\u00a0<\/strong>Acuarios de peque\u00f1os a grandes, pero se pueden mantener en acuarios desde s\u00f3lo 40-60 litros siempre que est\u00e9n plantados. Al ser los loric\u00e1ridos m\u00e1s peque\u00f1os se suelen usar en acuarios reducidos donde loric\u00e1ridos mayores estar\u00edan inc\u00f3modos. Es un pez que no falta en ning\u00fan acuario holand\u00e9s, donde un peque\u00f1o grupo ejercer\u00e1 una excelente labor de limpiadores de algas sin da\u00f1ar a las plantas.<\/p>\n<p>Hay que tener precauci\u00f3n de proteger la entrada del filtro para evitar que los peque\u00f1os otocinclos sean absorvidos por la aspiraci\u00f3n.<\/p>\n<p>No se deben introducir otocinclus en acuarios reci\u00e9n instalados en los que a\u00fan no hay algunas algas ya que, aunque se les alimente con comidas comerciales, morir\u00e1n de hambre.<\/p>\n<p><strong>Alimentaci\u00f3n:\u00a0<\/strong>Especie Omn\u00edvora, pero preferentemente vegetariana casi en la totalidad de su men\u00fa, el cual estar\u00e1 basado en algas (verdes y marrones principalmente), vegetales (calabac\u00edn, pepino, guisantes, etc.) y prote\u00edcos (larvas de insectos acu\u00e1ticos). Es interesante que dispongan de alg\u00fan tronco o ra\u00edz para proveerse de celulosa.<\/p>\n<p><strong>Comportamiento:\u00a0<\/strong>Totalmente pac\u00edficos y entregados por vida en la b\u00fasqueda de su alimento preferido que son las algas. Se trata de una especie t\u00edmida, la cual no se deber\u00e1 mezclar con especies robustas o que puedan depredar sobre \u00e9l.<\/p>\n<p>Deben mantenerse en grupo, ya que ejemplares solitarios son incluso m\u00e1s t\u00edmidos y se aclimatan peor. Un grupo de 5 \u00f3 6 es un buen promedio si el tama\u00f1o del acuario lo permite.<\/p>\n<p>Esta especie, pese a ser pac\u00edfica, parece no ser compatible con discos (Symphysodon sp.), ya que tiene tendencia a pegarse a sus costados y sorber su rica mucosa. No les har\u00e1 excesivo da\u00f1o como s\u00ed hacen loric\u00e1ridos mayores (Hypostomus o Liposarcus), pero si les estresar\u00e1 y molestar\u00e1 en exceso.<\/p>\n<p><strong>Reproducci\u00f3n:\u00a0<\/strong>Existen datos de casos de desoves en tanques muy plantados, donde estos depositan los huevos entre las plantas sin cuidado paterno. Al parecer su mecanismo activador de la freza se ve acrecentado por los cambios parciales de agua (imitaci\u00f3n de lluvia) y una buena calidad de agua.<\/p>\n<p>Su reproducci\u00f3n es muy similar a la de las corydoras, con m\u00e1s machos que hembras y sin cuidado de los huevos o las larvas. Colocan los huevos adhesivos en las plantas, y a veces en las rocas, vidrios y otras superficies. Los huevos eclosionan entre 2 y 3 d\u00edas despu\u00e9s y las larvas necesitan fitoplancton y microplancton para sobrevivir, hasta que son capsces de alimentarse a nauplios de artemia y lograr su propia provisi\u00f3n de algas.<\/p>\n<\/div>\n","protected":false},"excerpt":{"rendered":"<p>Presentaci\u00f3n:\u00a0<strong>01 individuo|03 individuos|06 individuos|12 individuos<\/strong><\/p>\n<p>Tama\u00f1o: 2 cm<\/p>\n","protected":false},"featured_media":1499,"comment_status":"open","ping_status":"closed","template":"","meta":[],"product_cat":[30,71,63],"product_tag":[],"class_list":{"0":"post-1513","1":"product","2":"type-product","3":"status-publish","4":"has-post-thumbnail","6":"product_cat-peces-amazonicos","7":"product_cat-loricaridos","8":"product_cat-peces-de-fondo","9":"product_shipping_class-especial-animales-vivos","11":"first","12":"outofstock","13":"shipping-taxable","14":"product-type-variable","15":"has-default-attributes"},"_links":{"self":[{"href":"http:\/\/acuarioredfish.com\/index.php?rest_route=\/wp\/v2\/product\/1513","targetHints":{"allow":["GET"]}}],"collection":[{"href":"http:\/\/acuarioredfish.com\/index.php?rest_route=\/wp\/v2\/product"}],"about":[{"href":"http:\/\/acuarioredfish.com\/index.php?rest_route=\/wp\/v2\/types\/product"}],"replies":[{"embeddable":true,"href":"http:\/\/acuarioredfish.com\/index.php?rest_route=%2Fwp%2Fv2%2Fcomments&post=1513"}],"wp:featuredmedia":[{"embeddable":true,"href":"http:\/\/acuarioredfish.com\/index.php?rest_route=\/wp\/v2\/media\/1499"}],"wp:attachment":[{"href":"http:\/\/acuarioredfish.com\/index.php?rest_route=%2Fwp%2Fv2%2Fmedia&parent=1513"}],"wp:term":[{"taxonomy":"product_cat","embeddable":true,"href":"http:\/\/acuarioredfish.com\/index.php?rest_route=%2Fwp%2Fv2%2Fproduct_cat&post=1513"},{"taxonomy":"product_tag","embeddable":true,"href":"http:\/\/acuarioredfish.com\/index.php?rest_route=%2Fwp%2Fv2%2Fproduct_tag&post=1513"}],"curies":[{"name":"wp","href":"https:\/\/api.w.org\/{rel}","templated":true}]}}