{"id":1800,"date":"2018-12-23T16:14:54","date_gmt":"2018-12-23T21:14:54","guid":{"rendered":"http:\/\/acuarioredfish.com\/?post_type=product&#038;p=1800"},"modified":"2026-02-18T21:24:07","modified_gmt":"2026-02-19T02:24:07","slug":"alternanthera-reineckii-roseafolia","status":"publish","type":"product","link":"http:\/\/acuarioredfish.com\/?product=alternanthera-reineckii-roseafolia","title":{"rendered":"Alternanthera reineckii rosaefolia"},"content":{"rendered":"<p><strong>Nombre com\u00fan:<\/strong>\u00a0<em>Alternanthera reineckii rosaefolia<\/em> o Pink.<br \/>\n<strong>Familia:<\/strong>\u00a0<em>Amaranthaceae<\/em>.<br \/>\n<strong>Procedencia:<\/strong>\u00a0Sudam\u00e9rica.<br \/>\n<strong>Dificultad:<\/strong>\u00a0De f\u00e1cil a moderada.<br \/>\n<strong>Crecimiento:<\/strong>\u00a0Moderado, seg\u00fan nutrientes e iluminaci\u00f3n.<br \/>\n<strong>Requerimientos lum\u00ednicos:<\/strong>\u00a0De moderados a muy altos.<br \/>\n<strong>Tama\u00f1o:<\/strong>\u00a0Aproximadamente 25 a 50 cm de alto; de 10 a 15 cm de ancho<br \/>\n<strong>Situaci\u00f3n en el acuario:<\/strong>\u00a0Zona trasera o media, evitando que tenga sombras de otras plantas.<br \/>\n<strong>Reproducci\u00f3n:<\/strong>\u00a0Por esquejes, que se deben replantar cuando tienen ra\u00edces. Los tallos se pueden dejar flotando hasta que estas se desarrollen.<br \/>\n<strong>Agua:<\/strong>\u00a0PH: De 5 a 8, siendo neutro el m\u00e1s \u00f3ptimo; GH: De blandas a duras.<br \/>\n<strong>Temperatura:<\/strong>\u00a0De 15\u00ba a 30\u00ba C.<br \/>\n<strong>Sustrato:<\/strong>\u00a0Cualquier granulometr\u00eda. Agradece sustrato nutritivo.<br \/>\n<strong>CO2:<\/strong>\u00a0Recomendable de 6 a 14 mg\/L para un buen crecimiento y reproducci\u00f3n, manteniendo as\u00ed su coloraci\u00f3n caracter\u00edstica. Sin CO2 crecer\u00e1 de forma lenta y perder\u00e1 su coloraci\u00f3n, tomando un tono verdoso.<br \/>\n<strong>Nutrientes y Bio-indicadores:<\/strong>\u00a0Marcadora de Nitratos (N) y Fosfatos (P). Recomendable el aporte de Fe.<\/p>\n<p><strong>\u00a0<\/strong><\/p>\n","protected":false},"excerpt":{"rendered":"<p>Tallo de 8 cm<\/p>\n","protected":false},"featured_media":1805,"comment_status":"open","ping_status":"closed","template":"","meta":[],"product_cat":[81,59,78,56,35],"product_tag":[],"class_list":{"0":"post-1800","1":"product","2":"type-product","3":"status-publish","4":"has-post-thumbnail","6":"product_cat-alternanthera","7":"product_cat-medianos-requerimientos","8":"product_cat-novedades","9":"product_cat-plantas_rojas","10":"product_cat-plantas-tipo-tallo","12":"first","13":"outofstock","14":"shipping-taxable","15":"product-type-variable","16":"has-default-attributes"},"_links":{"self":[{"href":"http:\/\/acuarioredfish.com\/index.php?rest_route=\/wp\/v2\/product\/1800","targetHints":{"allow":["GET"]}}],"collection":[{"href":"http:\/\/acuarioredfish.com\/index.php?rest_route=\/wp\/v2\/product"}],"about":[{"href":"http:\/\/acuarioredfish.com\/index.php?rest_route=\/wp\/v2\/types\/product"}],"replies":[{"embeddable":true,"href":"http:\/\/acuarioredfish.com\/index.php?rest_route=%2Fwp%2Fv2%2Fcomments&post=1800"}],"wp:featuredmedia":[{"embeddable":true,"href":"http:\/\/acuarioredfish.com\/index.php?rest_route=\/wp\/v2\/media\/1805"}],"wp:attachment":[{"href":"http:\/\/acuarioredfish.com\/index.php?rest_route=%2Fwp%2Fv2%2Fmedia&parent=1800"}],"wp:term":[{"taxonomy":"product_cat","embeddable":true,"href":"http:\/\/acuarioredfish.com\/index.php?rest_route=%2Fwp%2Fv2%2Fproduct_cat&post=1800"},{"taxonomy":"product_tag","embeddable":true,"href":"http:\/\/acuarioredfish.com\/index.php?rest_route=%2Fwp%2Fv2%2Fproduct_tag&post=1800"}],"curies":[{"name":"wp","href":"https:\/\/api.w.org\/{rel}","templated":true}]}}