{"id":2091,"date":"2020-02-10T13:41:46","date_gmt":"2020-02-10T18:41:46","guid":{"rendered":"http:\/\/acuarioredfish.com\/?post_type=product&#038;p=2091"},"modified":"2024-02-29T22:33:00","modified_gmt":"2024-03-01T03:33:00","slug":"corydora-san-juan","status":"publish","type":"product","link":"http:\/\/acuarioredfish.com\/?product=corydora-san-juan","title":{"rendered":"Corydora San Juan"},"content":{"rendered":"<p><strong>Nombre com\u00fan:<\/strong> Corydora San Juan<\/p>\n<p><strong>Nombre cient\u00edfico:\u00a0<\/strong><em>Corydoras bilineatus<\/em><\/p>\n<p><strong>Clasificaci\u00f3n:<\/strong><br \/>\n\u2022 Orden: Siluriformes.<br \/>\n\u2022 Familia: Callichthyidae. (Cal\u00edctidos).<br \/>\n\u2022 Subfamilia: <em>Corydoradinae<\/em>.<\/p>\n<p><strong>Biotopo<\/strong>: Amaz\u00f3nico.<\/p>\n<p><strong>Distribuci\u00f3n:<\/strong><\/p>\n<p>Son originarios de Sudam\u00e9rica (biotopo Amaz\u00f3nico), frecuentes en aguas poco profundas y de poca corriente en Per\u00fa, Bolivia y Oeste de Brasil.<\/p>\n<p><strong>Forma:<\/strong><br \/>\nT\u00edpica de los Corydoras: Boca \u00ednfera, parte ventral del cuerpo aplastada y parte dorsal bombeada; la aleta adiposa, caracter\u00edstica de esta familia se encuentra detr\u00e1s de la aleta dorsal. Las aletas pectorales, cuyos primeros radios est\u00e1n transformados en una gran espina, desempe\u00f1an un papel importante en la reproducci\u00f3n. En lugar de escamas cuentan con placas \u00f3seas que se solapan como si fueran tejas que les cubren los flancos, la cabeza y la espalda; todas las especies cuentan con un par de barbas en la mand\u00edbula inferior, los ojos son grandes y m\u00f3viles. Los ejemplares sanos muestran unos barbilones largos y sin cortes.<\/p>\n<p>Diagnosis: Dorsal 1\/7; Anal 1\/6; 22-24 placas \u00f3seas en la zona superior de cada costado; 20-22 en la zona inferior.<\/p>\n<p><strong>Coloraci\u00f3n:<\/strong><br \/>\nFondo gris plateado claro, con una l\u00ednea oscura l\u00ednea negra que va desde la cara, pasando por el ojo hasta llegar a la cola. Esta l\u00ednea va trazada por debajo del perfil del pez y forma una curva con \u00e1pice cerca de la aleta dorsal y final en la parte inferior de la aleta caudal, en forma de arco, de donde recibe su nombre.<\/p>\n<p><strong>Tama\u00f1o:<\/strong><br \/>\nHasta 6 cm.<\/p>\n<p><strong>Diferencias sexuales:<\/strong><br \/>\nNo muy aparente. Las hembras maduras son algo m\u00e1s voluminosas y alcanzan mayor tama\u00f1o.<\/p>\n<p><strong>Temperatura:<\/strong><br \/>\n22\u00ba a 26\u00ba cent\u00edgrados.<\/p>\n<p><strong>Agua:<\/strong><br \/>\nBlanda o semiblanda. pH entre 6.0 y 7.2. GH entre 2\u00bad y 12\u00bad. No toleran la sal.<\/p>\n<p><strong>Acuario:<\/strong><br \/>\nRecipientes con abundante vegetaci\u00f3n y fondos arenosos o de grava suave.<\/p>\n<p><strong>Alimentaci\u00f3n:<\/strong><br \/>\nAlimentaci\u00f3n en el fondo. Omn\u00edvoro. Admite alimentos comerciales en forma de pastillas para peces de fondo.<\/p>\n<p><strong>Comportamiento:<\/strong><br \/>\nComo todos los Corydoras, necesita vivir en grupos formados por, al menos, seis individuos. Pez pac\u00edfico compatible con otros peces amaz\u00f3nicos.<\/p>\n<p>Esta especie es bastante sensible, en particular si se observa que sus barbillones pierden longitud es un s\u00edntoma claro de mal mantenimiento (exceso de carga bacteriana en en el fondo) o desgaste por uso de un fondo excesivamente abrasivo.<\/p>\n<p><strong>Reproducci\u00f3n:<\/strong><br \/>\nMuy dif\u00edcil de criar, aunque se han documentado algunos pocos casos de reproducci\u00f3n exitosa de esta especie. Ian Fuller la consigui\u00f3 en 1980 y report\u00f3 la cl\u00e1sica postura en \u201cT\u201d de otras especies de cal\u00edctidos. En el caso de C. arcuatus se indujo al desove haciendo cambios con agua bastante m\u00e1s fr\u00eda (m\u00e1s que en otras especies), dejando caer la temperatura a 17\u00baC.<\/p>\n<p>Tras la eclosi\u00f3n se alimenta a los alevines con infusorios, zooplancton y fitoplancton y posteriormente microgusanos y nauplios de artemia parecen ser lo m\u00e1s adecuado. Si se administran nauplios de artemia deben de ser enjuagados a conciencia en agua dulce para quitar la sal, a la que los alevines manifiestan gran intolerancia. Poco a poco se puede dar comida para alevines ov\u00edparos y yema de huevo tamizada teniendo cuidado de mantener la higiene y no contaminar el agua.<\/p>\n","protected":false},"excerpt":{"rendered":"<p>Tama\u00f1o aprox. 4 cm<\/p>\n<p>Numero de individuos: 01 individuo|03 individuos|06 individuos<\/p>\n","protected":false},"featured_media":2096,"comment_status":"open","ping_status":"closed","template":"","meta":[],"product_cat":[30,68,63],"product_tag":[],"class_list":{"0":"post-2091","1":"product","2":"type-product","3":"status-publish","4":"has-post-thumbnail","6":"product_cat-peces-amazonicos","7":"product_cat-corydoras","8":"product_cat-peces-de-fondo","9":"product_shipping_class-especial-animales-vivos","11":"first","12":"outofstock","13":"shipping-taxable","14":"product-type-variable"},"_links":{"self":[{"href":"http:\/\/acuarioredfish.com\/index.php?rest_route=\/wp\/v2\/product\/2091","targetHints":{"allow":["GET"]}}],"collection":[{"href":"http:\/\/acuarioredfish.com\/index.php?rest_route=\/wp\/v2\/product"}],"about":[{"href":"http:\/\/acuarioredfish.com\/index.php?rest_route=\/wp\/v2\/types\/product"}],"replies":[{"embeddable":true,"href":"http:\/\/acuarioredfish.com\/index.php?rest_route=%2Fwp%2Fv2%2Fcomments&post=2091"}],"wp:featuredmedia":[{"embeddable":true,"href":"http:\/\/acuarioredfish.com\/index.php?rest_route=\/wp\/v2\/media\/2096"}],"wp:attachment":[{"href":"http:\/\/acuarioredfish.com\/index.php?rest_route=%2Fwp%2Fv2%2Fmedia&parent=2091"}],"wp:term":[{"taxonomy":"product_cat","embeddable":true,"href":"http:\/\/acuarioredfish.com\/index.php?rest_route=%2Fwp%2Fv2%2Fproduct_cat&post=2091"},{"taxonomy":"product_tag","embeddable":true,"href":"http:\/\/acuarioredfish.com\/index.php?rest_route=%2Fwp%2Fv2%2Fproduct_tag&post=2091"}],"curies":[{"name":"wp","href":"https:\/\/api.w.org\/{rel}","templated":true}]}}