{"id":2110,"date":"2020-02-10T15:12:04","date_gmt":"2020-02-10T20:12:04","guid":{"rendered":"http:\/\/acuarioredfish.com\/?post_type=product&#038;p=2110"},"modified":"2024-02-29T13:30:54","modified_gmt":"2024-02-29T18:30:54","slug":"corydora-enana","status":"publish","type":"product","link":"http:\/\/acuarioredfish.com\/?product=corydora-enana","title":{"rendered":"Corydora enana"},"content":{"rendered":"<p class=\"post-title\"><strong>Nombre cient\u00edfico:<\/strong>\u00a0<em>Corydora hastatus\u00a0<\/em><\/p>\n<div class=\"entry clearfix\">\n<p><strong>Nombre com\u00fan:<\/strong> Corydora enana<\/p>\n<p><strong>Clasificaci\u00f3n:<\/strong><\/p>\n<h3><span id=\"Taxonomia\" class=\"ez-toc-section\">Taxonom\u00eda<\/span><\/h3>\n<p>Orden: Siluriformes<br \/>\nFamilia: Callichthyidae<br \/>\nG\u00e9nero: <em>Corydoras<\/em><br \/>\nEspecie: <em>Corydoras hastatus<\/em><\/p>\n<p>Nombre binomial: Corydoras hastatus<\/p>\n<\/div>\n<h3><span id=\"Habitat_Natural\" class=\"ez-toc-section\">H\u00e1bitat Natural<\/span><\/h3>\n<p>Son originarios de Sudam\u00e9rica: Argentina, Bolivia, Brasil y Paraguay. Comunes en la cuenca de los r\u00edos Amazonas y Paraguay, Alto Paran\u00e1 y Esteros del Iber\u00e1. Habitan formando grandes card\u00famenes entre la vegetaci\u00f3n.<\/p>\n<h3><span id=\"Biotipo\" class=\"ez-toc-section\">Biotipo<\/span><\/h3>\n<p>Presenta el cuerpo elongado, con la parte ventral aplanada y la dorsal convexa, lo cual no es muy notorio como en el resto de las especies del g\u00e9nero Corydoras debido a su peque\u00f1o tama\u00f1o.<\/p>\n<h3><span id=\"Coloracion\" class=\"ez-toc-section\">Coloraci\u00f3n<\/span><\/h3>\n<p>El cuerpo es de color gris oscuro a negro, pareciendo casi transparente. Presenta un dise\u00f1o caracter\u00edstico de color blanco y negro en la aleta caudal.<\/p>\n<h3><span id=\"Forma_Morfologia\" class=\"ez-toc-section\">Forma \u2013 Morfolog\u00eda<\/span><\/h3>\n<p>Esta especie alcanza un tama\u00f1o m\u00e1ximo de 2,5 cm en los machos y 3,25 cm en las hembras.<\/p>\n<h3><span id=\"Comportamiento\" class=\"ez-toc-section\">Comportamiento<\/span><\/h3>\n<p>Es un pez gregario, pac\u00edfico y de h\u00e1bitos bent\u00f3nicos. Es un buen compa\u00f1ero de otros peces amaz\u00f3nicos. Es una especie pac\u00edfica y gregaria, ideal para mantener en grupos mayores a seis individuos en acuarios comunitarios, ya que pr\u00e1cticamente puede asociarse con casi todas las especies de peque\u00f1o tama\u00f1o. Son buenos compa\u00f1eros los car\u00e1cidos o cipr\u00ednidos de tama\u00f1o semejante o las especies de Apistogramma.<\/p>\n<h3><span id=\"Alimentacion\" class=\"ez-toc-section\">Alimentaci\u00f3n<\/span><\/h3>\n<p>Omn\u00edvoro. Pueden ser alimentados con cualquier tipo de alimento comercial, compatible con el tama\u00f1o de su boca, como por ejemplo Daphnia y micro pellets.<\/p>\n<h3><span id=\"Reproduccion\" class=\"ez-toc-section\">Reproducci\u00f3n<\/span><\/h3>\n<p>Ov\u00edparos. S\u00f3lo ha sido reproducida en cautiverio en contadas ocasiones. La reproducci\u00f3n es muy semejante a las restantes especies de Corydoras, excepto porque los alevines son extremadamente peque\u00f1os y requieren ser alimentados con infusorios.<\/p>\n<h3><span id=\"Acuario_Apropiado_Mantenimiento_en_Acuario\" class=\"ez-toc-section\">Acuario Apropiado \u2013 Mantenimiento en Acuario<\/span><\/h3>\n<p>Requiere de acuarios con un volumen aproximado de 42 litros y 45 x 30 x 30 cm. Es recomendable mantenerlos en grupos de al menos seis ejemplares. Las restantes condiciones de cr\u00eda son semejantes para todas las especies de Corydoras: acuarios con abundante vegetaci\u00f3n, presencia de ra\u00edces o troncos que sirvan como refugio, sustratos finos y no cortantes y luz tenue a moderada.<\/p>\n<h3 style=\"text-align: left;\"><span id=\"Agua\" class=\"ez-toc-section\">Par\u00e1metros de agua<\/span><\/h3>\n<p>Al igual que el resto de las especies de Corydoras, son muy buenos indicadores de la concentraci\u00f3n de ox\u00edgeno en el agua debido a su comportamiento de respirar aire atmosf\u00e9rico. Prefiere aguas calmas, sin corriente.\u00a0<span id=\"Dureza\" class=\"ez-toc-section\">Dureza de h<\/span>asta 2 a 15 dGH, pH entre 6 a 7,6 y temperatura entre\u00a022 a 26\u00b0C.<\/p>\n","protected":false},"excerpt":{"rendered":"<p>Presentaci\u00f3n:\u00a0<strong>01 individuo|03 individuos|06 individuos|12 individuos<\/strong><\/p>\n<p>Tama\u00f1o: 2 cm<\/p>\n","protected":false},"featured_media":2118,"comment_status":"open","ping_status":"closed","template":"","meta":[],"product_cat":[30,68,63],"product_tag":[],"class_list":{"0":"post-2110","1":"product","2":"type-product","3":"status-publish","4":"has-post-thumbnail","6":"product_cat-peces-amazonicos","7":"product_cat-corydoras","8":"product_cat-peces-de-fondo","9":"product_shipping_class-especial-animales-vivos","11":"first","12":"outofstock","13":"shipping-taxable","14":"product-type-variable","15":"has-default-attributes"},"_links":{"self":[{"href":"http:\/\/acuarioredfish.com\/index.php?rest_route=\/wp\/v2\/product\/2110","targetHints":{"allow":["GET"]}}],"collection":[{"href":"http:\/\/acuarioredfish.com\/index.php?rest_route=\/wp\/v2\/product"}],"about":[{"href":"http:\/\/acuarioredfish.com\/index.php?rest_route=\/wp\/v2\/types\/product"}],"replies":[{"embeddable":true,"href":"http:\/\/acuarioredfish.com\/index.php?rest_route=%2Fwp%2Fv2%2Fcomments&post=2110"}],"wp:featuredmedia":[{"embeddable":true,"href":"http:\/\/acuarioredfish.com\/index.php?rest_route=\/wp\/v2\/media\/2118"}],"wp:attachment":[{"href":"http:\/\/acuarioredfish.com\/index.php?rest_route=%2Fwp%2Fv2%2Fmedia&parent=2110"}],"wp:term":[{"taxonomy":"product_cat","embeddable":true,"href":"http:\/\/acuarioredfish.com\/index.php?rest_route=%2Fwp%2Fv2%2Fproduct_cat&post=2110"},{"taxonomy":"product_tag","embeddable":true,"href":"http:\/\/acuarioredfish.com\/index.php?rest_route=%2Fwp%2Fv2%2Fproduct_tag&post=2110"}],"curies":[{"name":"wp","href":"https:\/\/api.w.org\/{rel}","templated":true}]}}