{"id":2120,"date":"2020-02-10T15:47:54","date_gmt":"2020-02-10T20:47:54","guid":{"rendered":"http:\/\/acuarioredfish.com\/?post_type=product&#038;p=2120"},"modified":"2024-03-04T22:05:44","modified_gmt":"2024-03-05T03:05:44","slug":"tetra-pinguino","status":"publish","type":"product","link":"http:\/\/acuarioredfish.com\/?product=tetra-pinguino","title":{"rendered":"Tetra pinguino"},"content":{"rendered":"<div class=\"entry clearfix\">\n<p><strong>Nombre com\u00fan<\/strong>: Ping\u00fcino, Tetra Oblicuo, Tetra Ping\u00fcino de Banda Negra<\/p>\n<p><strong>Nombre com\u00fan<\/strong>: <em>Thayeria boehlkei<\/em><\/p>\n<p><strong>Taxonom\u00eda<\/strong><\/p>\n<p>Orden: Characiformes<\/p>\n<p>Familia: Characidae<\/p>\n<p>G\u00e9nero: <em>Thayeria<\/em><\/p>\n<p>Especie: <em>Thayeria boehlkei<\/em><\/p>\n<p>&nbsp;<\/p>\n<p><strong>Biotipo<\/strong><\/p>\n<p>Es un car\u00e1cido de cuerpo delgado, alargado y lateralmente comprimido. Puede alcanzar un tama\u00f1o de 6 cm. de longitud.<\/p>\n<p>&nbsp;<\/p>\n<p><strong>H\u00e1bitat Natural<\/strong><\/p>\n<p>Habita en zonas de poca corriente al cobijo de la vegetaci\u00f3n.<\/p>\n<p>&nbsp;<\/p>\n<p><strong>Forma \u2013 Morfolog\u00eda<\/strong><\/p>\n<p>Forma ahusada con aleta adiposa (caracter\u00edstica de su familia) entre la caudal y la dorsal. Su cuerpo est\u00e1 aplanado lateralmente, presentan un aspecto robusto pese a su reducido tama\u00f1o.<\/p>\n<p>&nbsp;<\/p>\n<p><strong>Coloraci\u00f3n<\/strong><\/p>\n<p>Predomina el blanco plateado, color aceituna a marr\u00f3n con reflejos dorados en la espalda. Presenta aletas incoloras, exceptuando la aleta anal que es blanca, y la caudal inferior tiene la caracter\u00edstica franja negra sobre una delgada l\u00ednea amarillenta.<\/p>\n<p>&nbsp;<\/p>\n<p><strong>Comportamiento<\/strong><\/p>\n<p>Robustos y pac\u00edficos pero vivaces, forman card\u00famenes de n\u00famero superior a 6 individuos entre los cuales pueden surgir disputas espor\u00e1dicas, sobre todo a la hora de alimentarse pero que no comportan nada grave. Algo peculiar que caracteriza a la especie es su forma de nataci\u00f3n inclinada. Se trata de una postura oblicua, lo cual da nombre a la especie, con la cabeza inclinada ligeramente hacia arriba. Se supone que este comportamiento les permite camuflarse mejor adoptando la forma de las sombras de plantas sobre aguas mansas y oscuras.<\/p>\n<p>Es ideal para el acuario comunitario. Asociar con especies tranquilas de tama\u00f1o moderado que compartan los mismos requerimientos acu\u00e1ticos y de decoraci\u00f3n.<\/p>\n<p>&nbsp;<\/p>\n<p><strong>Alimentaci\u00f3n<\/strong><\/p>\n<p>Aceptan casi cualquier tipo de alimento ya que se trata de una especie omn\u00edvora, aunque prefieren la comida viva (peque\u00f1os invertebrados cuyo movimiento estimula a estos peces) o congelada y liofilizada, aunque tambi\u00e9n aceptan las escamas y otro tipo de preparados comerciales.<\/p>\n<p>&nbsp;<\/p>\n<p><strong>Reproducci\u00f3n<\/strong><\/p>\n<p>Como otros car\u00e1cidos, su reproducci\u00f3n es muy complicada. Debe aislarse a la pareja reproductora del resto de individuos. Normalmente el desove se produce durante la madrugada, la hembra deposita cerca de mil huevos. Tras la puesta debe producirse un cambio de agua ya que el proceso de fertilizaci\u00f3n de los huevos produce una gran cantidad de suciedad en el agua (esperma, prote\u00ednas, etc.). A los 4 d\u00edas eclosionan los huevos, y los alevines se dispersan por el acuario.<\/p>\n<p>&nbsp;<\/p>\n<p><strong>Expectativa de Vida<\/strong><\/p>\n<p>Su esperanza de vida es de 5 a\u00f1os.<\/p>\n<p>&nbsp;<\/p>\n<p><strong>Diferencias Sexuales \u2013 Dimorfismo Sexual<\/strong><\/p>\n<p>No aparente, m\u00e1s visible en \u00e9poca de desove, cuando las hembras presentan el vientre m\u00e1s abultado.<\/p>\n<p>&nbsp;<\/p>\n<p><strong>Acuario Apropiado \u2013 Mantenimiento en Acuario<\/strong><\/p>\n<p>Acuario comunitario de m\u00e1s de 100 litros y 80 cm de longitud, para mantener un grupo de 8 individuos. Tiene que estar bien proporcionado en plantas y ofreciendo zonas sombreadas, con un suelo oscuro, cubierto por una alfombra vegetal.<\/p>\n<p>Podemos poner algunas ra\u00edces, dejando espacios libres para la nataci\u00f3n. Filtraci\u00f3n ligera sobre turba. Hay que cubrir el acuario, ya que son vivos nadadores y admirables saltadores.<\/p>\n<p>&nbsp;<\/p>\n<p><strong>Agua<\/strong><\/p>\n<p>Aunque prosperan adecuadamente en aguas m\u00e1s duras prefieren aguas blandas y ligeramente \u00e1cidas. Es algo sensible a los compuestos nitrogenados por lo que es conveniente realizar cambios parciales de agua frecuentemente, incluso de un tercio del volumen del tanque cada 15 d\u00edas. Dureza entre 3\u00b0 y 8\u00b0 GH, pH entre 6 y 7 y temperatura entre 22\u00b0 y 28\u00b0 C.<\/p>\n<p>&nbsp;<\/p>\n<p>&nbsp;<\/p>\n<p>&nbsp;<\/p>\n<\/div>\n","protected":false},"excerpt":{"rendered":"<p>Presentaci\u00f3n:\u00a0<strong>01 individuo|03 individuos|06 individuos|12 individuos<\/strong><\/p>\n<p>Tama\u00f1o: 3.5 cm<\/p>\n","protected":false},"featured_media":2126,"comment_status":"open","ping_status":"closed","template":"","meta":[],"product_cat":[30,64,69],"product_tag":[],"class_list":{"0":"post-2120","1":"product","2":"type-product","3":"status-publish","4":"has-post-thumbnail","6":"product_cat-peces-amazonicos","7":"product_cat-peces-de-superficie","8":"product_cat-tetras","9":"product_shipping_class-especial-animales-vivos","11":"first","12":"outofstock","13":"shipping-taxable","14":"product-type-variable","15":"has-default-attributes"},"_links":{"self":[{"href":"http:\/\/acuarioredfish.com\/index.php?rest_route=\/wp\/v2\/product\/2120","targetHints":{"allow":["GET"]}}],"collection":[{"href":"http:\/\/acuarioredfish.com\/index.php?rest_route=\/wp\/v2\/product"}],"about":[{"href":"http:\/\/acuarioredfish.com\/index.php?rest_route=\/wp\/v2\/types\/product"}],"replies":[{"embeddable":true,"href":"http:\/\/acuarioredfish.com\/index.php?rest_route=%2Fwp%2Fv2%2Fcomments&post=2120"}],"wp:featuredmedia":[{"embeddable":true,"href":"http:\/\/acuarioredfish.com\/index.php?rest_route=\/wp\/v2\/media\/2126"}],"wp:attachment":[{"href":"http:\/\/acuarioredfish.com\/index.php?rest_route=%2Fwp%2Fv2%2Fmedia&parent=2120"}],"wp:term":[{"taxonomy":"product_cat","embeddable":true,"href":"http:\/\/acuarioredfish.com\/index.php?rest_route=%2Fwp%2Fv2%2Fproduct_cat&post=2120"},{"taxonomy":"product_tag","embeddable":true,"href":"http:\/\/acuarioredfish.com\/index.php?rest_route=%2Fwp%2Fv2%2Fproduct_tag&post=2120"}],"curies":[{"name":"wp","href":"https:\/\/api.w.org\/{rel}","templated":true}]}}