{"id":2349,"date":"2020-07-02T23:13:14","date_gmt":"2020-07-03T04:13:14","guid":{"rendered":"http:\/\/acuarioredfish.com\/?post_type=product&#038;p=2349"},"modified":"2024-03-02T11:43:41","modified_gmt":"2024-03-02T16:43:41","slug":"cryptocoryne-wendtii-gecko","status":"publish","type":"product","link":"http:\/\/acuarioredfish.com\/?product=cryptocoryne-wendtii-gecko","title":{"rendered":"Cryptocoryne wendtii \u00abGecko\u00bb\u00a0"},"content":{"rendered":"<p><strong>Nombre com\u00fan:<\/strong>\u00a0<em>Cryptocoryne Wendtii<\/em> \u00abGecko\u00bb<br \/>\n<strong>Familia:<\/strong>\u00a0<em>Araceae<\/em><br \/>\n<strong>G\u00e9nero:<\/strong>\u00a0<em>Cryptocoryne<\/em><br \/>\n<strong>Procedencia:<\/strong>\u00a0Sudeste Asiatico<br \/>\n<strong>Dificultad:<\/strong>\u00a0F\u00e1cil-media<br \/>\n<strong>Crecimiento:<\/strong>\u00a0Moderado<br \/>\n<strong>Requerimientos lum\u00ednicos:<\/strong>\u00a0Media<br \/>\n<strong>Tama\u00f1o:<\/strong> Altura 10-20 cm Ancho 10-15 cm<br \/>\n<strong>Situaci\u00f3n en el acuario:<\/strong>\u00a0Zona media-delantera<br \/>\n<strong>Reproducci\u00f3n:<\/strong>\u00a0Por estolones subterr\u00e1neos o a\u00e9reos que se cortar\u00e1n pasadas unas semanas<br \/>\n<strong>Agua:<\/strong>\u00a0Ph 6-8 Dureza 5-25 dGH<br \/>\n<strong>Temperatura:<\/strong>\u00a020-28\u00ba<br \/>\n<strong>Sustrato:<\/strong>\u00a0Precisa sustrato nutritivo<br \/>\n<strong>Nutrientes y Bio-indicadores<\/strong>: Aporte de macros (NPK), hierro y media luz para ver sus hojas marrones con tonos verdosos.<br \/>\nMarcadora de d\u00e9ficit potasio. Un exceso de nitratos produce una descomposici\u00f3n de sus hojas<\/p>\n<p>Planta de roseta con hojas de forma alargada, con una coloraci\u00f3n verde que dependiendo de la iluminaci\u00f3n puede tornarse marrones y rojizos. Es de la cryptocorynes m\u00e1s sencillas de mantener.<\/p>\n<p>Como la mayor\u00eda de las cryptos, sufre bastante con los trasplantes llegando a perder todas las hojas para volver a resurgir si las condiciones le son favorables.<\/p>\n","protected":false},"excerpt":{"rendered":"<p>Pl\u00e1ntula de 3\u00a0 a 5 hojas<\/p>\n","protected":false},"featured_media":2353,"comment_status":"open","ping_status":"closed","template":"","meta":[],"product_cat":[77,59,36],"product_tag":[],"class_list":{"0":"post-2349","1":"product","2":"type-product","3":"status-publish","4":"has-post-thumbnail","6":"product_cat-cryptocoryne","7":"product_cat-medianos-requerimientos","8":"product_cat-plantas-tipo-roseta","10":"first","11":"instock","12":"shipping-taxable","13":"purchasable","14":"product-type-variable","15":"has-default-attributes"},"_links":{"self":[{"href":"http:\/\/acuarioredfish.com\/index.php?rest_route=\/wp\/v2\/product\/2349","targetHints":{"allow":["GET"]}}],"collection":[{"href":"http:\/\/acuarioredfish.com\/index.php?rest_route=\/wp\/v2\/product"}],"about":[{"href":"http:\/\/acuarioredfish.com\/index.php?rest_route=\/wp\/v2\/types\/product"}],"replies":[{"embeddable":true,"href":"http:\/\/acuarioredfish.com\/index.php?rest_route=%2Fwp%2Fv2%2Fcomments&post=2349"}],"wp:featuredmedia":[{"embeddable":true,"href":"http:\/\/acuarioredfish.com\/index.php?rest_route=\/wp\/v2\/media\/2353"}],"wp:attachment":[{"href":"http:\/\/acuarioredfish.com\/index.php?rest_route=%2Fwp%2Fv2%2Fmedia&parent=2349"}],"wp:term":[{"taxonomy":"product_cat","embeddable":true,"href":"http:\/\/acuarioredfish.com\/index.php?rest_route=%2Fwp%2Fv2%2Fproduct_cat&post=2349"},{"taxonomy":"product_tag","embeddable":true,"href":"http:\/\/acuarioredfish.com\/index.php?rest_route=%2Fwp%2Fv2%2Fproduct_tag&post=2349"}],"curies":[{"name":"wp","href":"https:\/\/api.w.org\/{rel}","templated":true}]}}