{"id":2386,"date":"2021-03-11T14:19:12","date_gmt":"2021-03-11T19:19:12","guid":{"rendered":"http:\/\/acuarioredfish.com\/?post_type=product&#038;p=2386"},"modified":"2024-02-29T13:55:39","modified_gmt":"2024-02-29T18:55:39","slug":"corydora-green-cat","status":"publish","type":"product","link":"http:\/\/acuarioredfish.com\/?product=corydora-green-cat","title":{"rendered":"Corydora Green Cat"},"content":{"rendered":"<p>Nombre<strong> com\u00fan:<\/strong> Corydora<\/p>\n<p><strong>Nombre cient\u00edfico:\u00a0<\/strong><em>Corydoras green cat<\/em><\/p>\n<p><strong>Clasificaci\u00f3n:<\/strong><br \/>\n\u2022 Orden: Siluriformes.<br \/>\n\u2022 Familia: Callichthyidae. (Cal\u00edctidos).<br \/>\n\u2022 Subfamilia: <em>Corydoradinae<\/em>.<\/p>\n<p><strong>Biotopo<\/strong>: Amaz\u00f3nico.<\/p>\n<p><strong>Distribuci\u00f3n:<\/strong><\/p>\n<p>Son originarios de Sudam\u00e9rica (biotopo Amaz\u00f3nico), proviene de los afluentes del r\u00edo del \u00e1rea de Per\u00fa, y es un carro\u00f1ero pac\u00edfico que habita en el fondo<\/p>\n<p><strong>Forma:<\/strong><br \/>\nLa t\u00edpica aleta adiposa est\u00e1 detr\u00e1s de la aleta dorsal. Al igual que las dem\u00e1s,no tienen escamas y si placas \u00f3seas, cuentan con barbilones.<\/p>\n<p><strong>Coloraci\u00f3n:<\/strong><br \/>\nEl cory gassizi tiene muchas manchas negras que cubren el cuerpo y una franja negra en forma de m\u00e1scara que cubre los ojos.<\/p>\n<p><strong>Tama\u00f1o:<\/strong><br \/>\nHasta 6 cm.<\/p>\n<p><strong>Diferencias sexuales:<\/strong><\/p>\n<p>A diferencia de otras corys si presentan cierto dimorfismo sexual, no solo en tama\u00f1o y redondez, que tambi\u00e9n se da, sino que adem\u00e1s las hembras son de coloraci\u00f3n m\u00e1s uniforme, mientras que los machos presentan bastante m\u00e1s puntos en la cabeza, y una aleta dorsal ligeramente m\u00e1s grande.<\/p>\n<p><strong>Temperatura:<\/strong><br \/>\n22\u00ba a 26\u00ba cent\u00edgrados.<\/p>\n<p><strong>Agua:<\/strong><br \/>\nBlanda o semiblanda. pH entre 6.0 y 7.2. GH entre 2\u00bad y 12\u00bad. No toleran la sal.<\/p>\n<p><strong>Acuario:<\/strong><br \/>\nRequiere un acuario bien plantado con muchos escondites que brinden alivio de la luz. Se necesita un sustrato liso de arena o grava debido a las barbillas que se da\u00f1an f\u00e1cilmente. Les gusta estar en n\u00fameros, por lo que una peque\u00f1a escuela de seis o m\u00e1s es ideal para estos gatos.<\/p>\n<p><strong>Alimentaci\u00f3n:<\/strong><br \/>\nAlimentaci\u00f3n en el fondo. Omn\u00edvoro. Admite alimentos comerciales en forma de pastillas para peces de fondo.<\/p>\n<p><strong>Comportamiento:<\/strong><br \/>\nComo todos los Corydoras, necesita vivir en grupos formados por, al menos, seis individuos. Pez pac\u00edfico compatible con otros peces amaz\u00f3nicos.<\/p>\n<p>Esta especie es bastante sensible, en particular si se observa que sus barbillones pierden longitud es un s\u00edntoma claro de mal mantenimiento (exceso de carga bacteriana en en el fondo) o desgaste por uso de un fondo excesivamente abrasivo.<\/p>\n<p><strong>Reproducci\u00f3n:<\/strong><\/p>\n<p>Tras la eclosi\u00f3n se alimenta a los alevines con infusorios, zooplancton y fitoplancton y posteriormente microgusanos y nauplios de artemia parecen ser lo m\u00e1s adecuado. Si se administran nauplios de artemia deben de ser enjuagados a conciencia en agua dulce para quitar la sal, a la que los alevines manifiestan gran intolerancia. Poco a poco se puede dar comida para alevines ov\u00edparos y yema de huevo tamizada teniendo cuidado de mantener la higiene y no contaminar el agua.<\/p>\n","protected":false},"excerpt":{"rendered":"<p>Tama\u00f1o aprox. 4 cm<\/p>\n<p>Numero de individuos: 01 individuo|03 individuos|06 individuos<\/p>\n","protected":false},"featured_media":2391,"comment_status":"open","ping_status":"closed","template":"","meta":[],"product_cat":[30,68,63],"product_tag":[],"class_list":{"0":"post-2386","1":"product","2":"type-product","3":"status-publish","4":"has-post-thumbnail","6":"product_cat-peces-amazonicos","7":"product_cat-corydoras","8":"product_cat-peces-de-fondo","9":"product_shipping_class-especial-animales-vivos","11":"first","12":"outofstock","13":"shipping-taxable","14":"product-type-variable","15":"has-default-attributes"},"_links":{"self":[{"href":"http:\/\/acuarioredfish.com\/index.php?rest_route=\/wp\/v2\/product\/2386","targetHints":{"allow":["GET"]}}],"collection":[{"href":"http:\/\/acuarioredfish.com\/index.php?rest_route=\/wp\/v2\/product"}],"about":[{"href":"http:\/\/acuarioredfish.com\/index.php?rest_route=\/wp\/v2\/types\/product"}],"replies":[{"embeddable":true,"href":"http:\/\/acuarioredfish.com\/index.php?rest_route=%2Fwp%2Fv2%2Fcomments&post=2386"}],"wp:featuredmedia":[{"embeddable":true,"href":"http:\/\/acuarioredfish.com\/index.php?rest_route=\/wp\/v2\/media\/2391"}],"wp:attachment":[{"href":"http:\/\/acuarioredfish.com\/index.php?rest_route=%2Fwp%2Fv2%2Fmedia&parent=2386"}],"wp:term":[{"taxonomy":"product_cat","embeddable":true,"href":"http:\/\/acuarioredfish.com\/index.php?rest_route=%2Fwp%2Fv2%2Fproduct_cat&post=2386"},{"taxonomy":"product_tag","embeddable":true,"href":"http:\/\/acuarioredfish.com\/index.php?rest_route=%2Fwp%2Fv2%2Fproduct_tag&post=2386"}],"curies":[{"name":"wp","href":"https:\/\/api.w.org\/{rel}","templated":true}]}}