{"id":2396,"date":"2021-04-28T21:17:25","date_gmt":"2021-04-29T02:17:25","guid":{"rendered":"http:\/\/acuarioredfish.com\/?post_type=product&#038;p=2396"},"modified":"2024-02-07T00:04:50","modified_gmt":"2024-02-07T05:04:50","slug":"nutrafin-basix-alimento-base-para-tropicales","status":"publish","type":"product","link":"http:\/\/acuarioredfish.com\/?product=nutrafin-basix-alimento-base-para-tropicales","title":{"rendered":"NUTRAFIN BASIX Alimento Base para tropicales"},"content":{"rendered":"<div>\n<p>Nutrafin basix Alimento base para tropicales est\u00e1 espec\u00edficamente formulado para la alimentaci\u00f3n diaria de todos los peces tropicales. Contiene una f\u00f3rmula equilibrada que incluye todas las prote\u00ednas, amino\u00e1cidos, fibra, minerales y vitaminas necesarios para ayudar a garantizar la salud y el bienestar de los peces de acuario.<\/p>\n<\/div>\n<p><strong>Composici\u00f3n:<\/strong><\/p>\n<p>Prote\u00edna cruda min. : 46.0%<\/p>\n<p>Fibra cruda m\u00e1x.. : 2.0 %<\/p>\n<p>Grasa cruda min: 5.0%<\/p>\n<div id=\"the_content_long\">\n<p class=\"p1\"><strong>INSTRUCCIONES<\/strong>:<\/p>\n<p class=\"p1\">Este alimento balanceado se puede suministrar 2 \u00f3 3 veces al d\u00eda, pero<span class=\"Apple-converted-space\">\u00a0\u00a0<\/span>s\u00f3lo la cantidad que puedan comerse los peces en 2 \u00f3 3 minutos.<span class=\"Apple-converted-space\">\u00a0\u00a0<\/span>Aunque la f\u00f3rmula NUTRAFIN BASIX disminuye la contaminaci\u00f3n en el acuario, recomendamos retirar el alimento no consumido con una red con el fin de preservar la calidad del agua.<span class=\"Apple-converted-space\">\u00a0\u00a0<\/span>Este envase tiene un cintur\u00f3n de garant\u00eda. Una vez abierto, no es necesario conservarlo en el refrigerador, pero s\u00ed necesita permanecer bien tapado en un lugar fresco y seco para conservar sus propiedades nutricionales.<span class=\"Apple-converted-space\">\u00a0\u00a0<\/span>Debe<span class=\"Apple-converted-space\">\u00a0\u00a0<\/span>evitar colocar el envase en lugares h\u00famedos o calientes como encima de la luminaria o la tapa del acuario.\u00a0<span class=\"Apple-converted-space\">\u00a0\u00a0<\/span>Observe la fecha de caducidad.<span class=\"Apple-converted-space\">\u00a0\u00a0<\/span>Si supera esta fecha, las propiedades nutricionales disminuyen considerablemente,<span class=\"Apple-converted-space\">\u00a0\u00a0<\/span>por lo que recomendamos descartar el alimento.<\/p>\n<p class=\"p1\">NO ES APTO PARA CONSUMO HUMANO.<span class=\"Apple-converted-space\">\u00a0\u00a0<\/span>S\u00d3LO PARA PECES ORNAMENTALES DE ACUARIO.<\/p>\n<\/div>\n","protected":false},"excerpt":{"rendered":"<p>Nutrafin basix Alimento base para tropicales est\u00e1 espec\u00edficamente formulado para la alimentaci\u00f3n diaria de todos los peces tropicales. Contiene una f\u00f3rmula equilibrada que incluye todas las prote\u00ednas, amino\u00e1cidos, fibra, minerales y vitaminas necesarios para ayudar a garantizar la salud y el bienestar de los peces de acuario. Composici\u00f3n: Prote\u00edna cruda min. : 46.0% Fibra cruda [&hellip;]<\/p>\n","protected":false},"featured_media":2414,"comment_status":"open","ping_status":"closed","template":"","meta":[],"product_cat":[54],"product_tag":[],"class_list":{"0":"post-2396","1":"product","2":"type-product","3":"status-publish","4":"has-post-thumbnail","6":"product_cat-alimento-comercial","8":"first","9":"outofstock","10":"shipping-taxable","11":"product-type-variable"},"_links":{"self":[{"href":"http:\/\/acuarioredfish.com\/index.php?rest_route=\/wp\/v2\/product\/2396","targetHints":{"allow":["GET"]}}],"collection":[{"href":"http:\/\/acuarioredfish.com\/index.php?rest_route=\/wp\/v2\/product"}],"about":[{"href":"http:\/\/acuarioredfish.com\/index.php?rest_route=\/wp\/v2\/types\/product"}],"replies":[{"embeddable":true,"href":"http:\/\/acuarioredfish.com\/index.php?rest_route=%2Fwp%2Fv2%2Fcomments&post=2396"}],"wp:featuredmedia":[{"embeddable":true,"href":"http:\/\/acuarioredfish.com\/index.php?rest_route=\/wp\/v2\/media\/2414"}],"wp:attachment":[{"href":"http:\/\/acuarioredfish.com\/index.php?rest_route=%2Fwp%2Fv2%2Fmedia&parent=2396"}],"wp:term":[{"taxonomy":"product_cat","embeddable":true,"href":"http:\/\/acuarioredfish.com\/index.php?rest_route=%2Fwp%2Fv2%2Fproduct_cat&post=2396"},{"taxonomy":"product_tag","embeddable":true,"href":"http:\/\/acuarioredfish.com\/index.php?rest_route=%2Fwp%2Fv2%2Fproduct_tag&post=2396"}],"curies":[{"name":"wp","href":"https:\/\/api.w.org\/{rel}","templated":true}]}}