{"id":2416,"date":"2021-04-28T22:47:03","date_gmt":"2021-04-29T03:47:03","guid":{"rendered":"http:\/\/acuarioredfish.com\/?post_type=product&#038;p=2416"},"modified":"2024-03-03T22:28:49","modified_gmt":"2024-03-04T03:28:49","slug":"nutrafin-basix-granulos-flotantes-para-tortugas","status":"publish","type":"product","link":"http:\/\/acuarioredfish.com\/?product=nutrafin-basix-granulos-flotantes-para-tortugas","title":{"rendered":"NUTRAFIN BASIX Gr\u00e1nulos Flotantes para Tortugas"},"content":{"rendered":"<div>\n<p>Las tortugas y las tortugas acu\u00e1ticas requieren una dieta bien equilibrada que contenga ingredientes ricos en calcio. El calcio es importante para ayudar a mantener la condici\u00f3n adecuada del caparaz\u00f3n y la salud de las tortugas. Nutrafin basix Gr\u00e1nulos Flotantes para Tortugas contiene camarones gammarus que son un invertebrado altamente nutritivo y son una fuente natural de calcio.<\/p>\n<p>Los Gr\u00e1nulos Flotantes para Tortugas Nutrafin basix deben administrarse como una dieta b\u00e1sica. Los palitos de comida flotantes de f\u00e1cil digesti\u00f3n son consumidos sin esfuerzo por las tortugas, lo que ayuda a controlar sus desordenados h\u00e1bitos de alimentaci\u00f3n.<\/p>\n<\/div>\n<p>&nbsp;<\/p>\n<div id=\"the_content_long\">\n<p class=\"p1\">NO ES APTO PARA CONSUMO HUMANO.<span class=\"Apple-converted-space\"> \u00a0<\/span><\/p>\n<\/div>\n","protected":false},"excerpt":{"rendered":"<p>Las tortugas y las tortugas acu\u00e1ticas requieren una dieta bien equilibrada que contenga ingredientes ricos en calcio. El calcio es importante para ayudar a mantener la condici\u00f3n adecuada del caparaz\u00f3n y la salud de las tortugas. Nutrafin basix Gr\u00e1nulos Flotantes para Tortugas contiene camarones gammarus que son un invertebrado altamente nutritivo y son una fuente [&hellip;]<\/p>\n","protected":false},"featured_media":2425,"comment_status":"open","ping_status":"closed","template":"","meta":[],"product_cat":[54],"product_tag":[],"class_list":{"0":"post-2416","1":"product","2":"type-product","3":"status-publish","4":"has-post-thumbnail","6":"product_cat-alimento-comercial","8":"first","9":"outofstock","10":"shipping-taxable","11":"product-type-variable","12":"has-default-attributes"},"_links":{"self":[{"href":"http:\/\/acuarioredfish.com\/index.php?rest_route=\/wp\/v2\/product\/2416","targetHints":{"allow":["GET"]}}],"collection":[{"href":"http:\/\/acuarioredfish.com\/index.php?rest_route=\/wp\/v2\/product"}],"about":[{"href":"http:\/\/acuarioredfish.com\/index.php?rest_route=\/wp\/v2\/types\/product"}],"replies":[{"embeddable":true,"href":"http:\/\/acuarioredfish.com\/index.php?rest_route=%2Fwp%2Fv2%2Fcomments&post=2416"}],"wp:featuredmedia":[{"embeddable":true,"href":"http:\/\/acuarioredfish.com\/index.php?rest_route=\/wp\/v2\/media\/2425"}],"wp:attachment":[{"href":"http:\/\/acuarioredfish.com\/index.php?rest_route=%2Fwp%2Fv2%2Fmedia&parent=2416"}],"wp:term":[{"taxonomy":"product_cat","embeddable":true,"href":"http:\/\/acuarioredfish.com\/index.php?rest_route=%2Fwp%2Fv2%2Fproduct_cat&post=2416"},{"taxonomy":"product_tag","embeddable":true,"href":"http:\/\/acuarioredfish.com\/index.php?rest_route=%2Fwp%2Fv2%2Fproduct_tag&post=2416"}],"curies":[{"name":"wp","href":"https:\/\/api.w.org\/{rel}","templated":true}]}}