{"id":2665,"date":"2023-06-09T21:40:35","date_gmt":"2023-06-10T02:40:35","guid":{"rendered":"http:\/\/acuarioredfish.com\/?post_type=product&#038;p=2665"},"modified":"2026-02-18T21:25:39","modified_gmt":"2026-02-19T02:25:39","slug":"bacopa-colorata","status":"publish","type":"product","link":"http:\/\/acuarioredfish.com\/?product=bacopa-colorata","title":{"rendered":"Bacopa colorata"},"content":{"rendered":"<p><strong>Nombre com\u00fan:<\/strong>\u00a0Bacopa colorata<br \/>\n<strong>Nombre cient\u00edfico:<\/strong>\u00a0<em>Bacopa colorata<\/em>.<br \/>\n<strong>Familia:<\/strong>\u00a0Plantaganaceae<br \/>\n<strong>G\u00e9nero:<\/strong>\u00a0Bacopa<br \/>\n<strong>Procedencia:<\/strong>\u00a0Sudeste EEUU<br \/>\n<strong>Dificultad:<\/strong>\u00a0F\u00e1cil<br \/>\n<strong>Crecimiento:<\/strong>\u00a0Moderado. Planta de tallo erguido y robusto del que salen pares de hojas carnosas ovaladas que tienen un olor caracter\u00edstico a lima-lim\u00f3n cuando se aplastan<br \/>\n<strong>Requerimientos lum\u00ednicos:<\/strong>\u00a0Aunque no precisa una gran iluminaci\u00f3n, cuando se le proporciona luz media-alta las hojas adquieren un color marr\u00f3n-cobrizo si hay pocos nitratos<br \/>\n<strong>Tama\u00f1o:<\/strong>\u00a0Alto 10-30 cm Ancho 3-4 cm<br \/>\n<strong>Situaci\u00f3n en el acuario:<\/strong>\u00a0Zona media-trasera plantada en grupos<br \/>\n<strong>Reproducci\u00f3n:<\/strong>\u00a0Por esquejes cortando el tallo salen brotes laterales, y el tallo cortado se puede replantar de nuevo.<br \/>\n<strong>Agua:<\/strong>\u00a0pH:6 \u2013 7, de blando a duro, soportan acumulaci\u00f3n de sales minerales pero moderadamente. gH<strong>: <\/strong>6-13, Dureza del agua de media hasta muy dura.<\/p>\n<p><strong>Condiciones del agua<\/strong><\/p>\n<p>Es una especie que no exige c\u00e1lida del agua, solo lo b\u00e1sico, al mantener los par\u00e1metros de temperatura y pH, la planta crecer\u00e1 moderadamente, tolera turbidez pero siempre buscara espacios de agua clara para crecer m\u00e1s.<\/p>\n<p><strong>Temperatura:<\/strong>\u00a020 \u2013 30 \u00baC<\/p>\n<p><strong>Sustrato:<\/strong>\u00a0Agradece sustrato nutritivo<br \/>\n<strong>Nutrientes y Bio-indicadores<\/strong>: Presencia de algas, indica contaminaci\u00f3n por fitoplancton indeseable.<\/p>\n<p>Presencia de briofitos, indica presencia de metales pesados, como As, Cd, Co, Cr, Cu, Pb, y Zn.<\/p>\n<p>Presencia de l\u00edquenes, indica contaminaci\u00f3n atmosf\u00e9rica y metales pesados.<\/p>\n<p>Estr\u00e9s h\u00eddrico, indica presencia de excesiva salinidad.<\/p>\n<p>Presencia de briofitos, indica presencia de metales pesados, como As, Cd, Co, Cr, Cu, Pb, y Zn.<\/p>\n<p>Presencia de l\u00edquenes, indica contaminaci\u00f3n atmosf\u00e9rica y metales pesados.<\/p>\n<p>Estr\u00e9s h\u00eddrico, indica presencia de excesiva salinidad.<\/p>\n<p><strong>\u00a0<\/strong>Plantas d\u00e9biles y fr\u00e1giles, hojas p\u00e1lidas, plantas madre tienen pocas hojas, o m\u00e1s hojas en la parte superior. Tallos putrefacci\u00f3n, tallos d\u00e9biles en las plantas roseta, son indicadores de luz insuficiente.<\/p>\n<p>Las burbujas de gas salen del sustrato cuando te asomas ella, caracoles madriguera no est\u00e1n excavando, sistemas radiculares pobres, las ra\u00edces se vuelven negro y la podredumbre. Esto indica que el sustrato es muy compacto, aflojar y aspirar. Puede ser causada por las fuertes cantidades de materia org\u00e1nica en descomposici\u00f3n de profundidad en el sustrato.<\/p>\n<p>Deficiencia de nutrientes por lo general aparecen en las hojas m\u00e1s viejas. Nutrientes m\u00f3viles incluyen Nitr\u00f3geno, F\u00f3sforo, Potasio, Magnesio y Zinc. Los nutrientes inm\u00f3viles no se mueven, y por lo tanto su deficiencia por lo general aparece en las hojas m\u00e1s j\u00f3venes. Ejemplos de nutrientes inm\u00f3viles son cobre, hierro, calcio y azufre.<\/p>\n<p>La deficiencia de hierro por lo general hace que las hojas se vuelvan fr\u00e1giles y p\u00e1lidas. Si las hojas m\u00e1s viejas muestran agujeros de alfiler que se agrandan paulatinamente, puede ser una deficiencia de potasio. Hojas retorcidas y dobladas o con forma de copa amarillenta de bordes muy p\u00e1lidas son una indicaci\u00f3n de la deficiencia de calcio. Bordes y puntas de las hojas marchitas muertos muestran una deficiencia de cobre.<\/p>\n<p>&nbsp;<\/p>\n<p><strong>\u00a0<\/strong><\/p>\n<p><strong>\u00a0<\/strong><\/p>\n","protected":false},"excerpt":{"rendered":"<p>Tallo de 10 cm aprox.<\/p>\n<p>Presentaci\u00f3n: 01 Tallo|03 Tallos|06 Tallos<\/p>\n","protected":false},"featured_media":2669,"comment_status":"open","ping_status":"closed","template":"","meta":[],"product_cat":[58,78,35],"product_tag":[],"class_list":{"0":"post-2665","1":"product","2":"type-product","3":"status-publish","4":"has-post-thumbnail","6":"product_cat-bajo-requerimientos","7":"product_cat-novedades","8":"product_cat-plantas-tipo-tallo","10":"first","11":"instock","12":"shipping-taxable","13":"purchasable","14":"product-type-variable","15":"has-default-attributes"},"_links":{"self":[{"href":"http:\/\/acuarioredfish.com\/index.php?rest_route=\/wp\/v2\/product\/2665","targetHints":{"allow":["GET"]}}],"collection":[{"href":"http:\/\/acuarioredfish.com\/index.php?rest_route=\/wp\/v2\/product"}],"about":[{"href":"http:\/\/acuarioredfish.com\/index.php?rest_route=\/wp\/v2\/types\/product"}],"replies":[{"embeddable":true,"href":"http:\/\/acuarioredfish.com\/index.php?rest_route=%2Fwp%2Fv2%2Fcomments&post=2665"}],"wp:featuredmedia":[{"embeddable":true,"href":"http:\/\/acuarioredfish.com\/index.php?rest_route=\/wp\/v2\/media\/2669"}],"wp:attachment":[{"href":"http:\/\/acuarioredfish.com\/index.php?rest_route=%2Fwp%2Fv2%2Fmedia&parent=2665"}],"wp:term":[{"taxonomy":"product_cat","embeddable":true,"href":"http:\/\/acuarioredfish.com\/index.php?rest_route=%2Fwp%2Fv2%2Fproduct_cat&post=2665"},{"taxonomy":"product_tag","embeddable":true,"href":"http:\/\/acuarioredfish.com\/index.php?rest_route=%2Fwp%2Fv2%2Fproduct_tag&post=2665"}],"curies":[{"name":"wp","href":"https:\/\/api.w.org\/{rel}","templated":true}]}}