{"id":2705,"date":"2024-03-04T22:50:36","date_gmt":"2024-03-05T03:50:36","guid":{"rendered":"https:\/\/acuarioredfish.com\/?post_type=product&#038;p=2705"},"modified":"2024-03-04T23:08:59","modified_gmt":"2024-03-05T04:08:59","slug":"gratiola-viscidula","status":"publish","type":"product","link":"http:\/\/acuarioredfish.com\/?product=gratiola-viscidula","title":{"rendered":"Gratiola viscidula"},"content":{"rendered":"<p><strong>Nombre cientifico<\/strong>: <em>Gratiola viscidula<\/em><\/p>\n<p>\u2022\u00a0<strong>Familia:<\/strong>\u00a0<em>Plantaginaceae<\/em><br \/>\n\u2022\u00a0<strong>Genero:<\/strong>\u00a0Gratiola<\/p>\n<p>\u2022\u00a0<strong>Dificultad:<\/strong>\u00a0F\u00e1cil<br \/>\n\u2022\u00a0<strong>Origen:<\/strong>\u00a0Norteam\u00e9rica<br \/>\n\u2022\u00a0<strong>Iluminaci\u00f3n:<\/strong>\u00a0Media<br \/>\n\u2022\u00a0<strong>Temperatura:<\/strong>\u00a010\u00ba \u2013 27\u00ba<br \/>\n\u2022\u00a0<strong>Crecimiento:<\/strong>\u00a0Lento 10 \u2013 20 cm<br \/>\n\u2022\u00a0<strong>PH:<\/strong>\u00a05.0 \u2013 7.0<br \/>\n\u2022\u00a0<strong>Dureza:<\/strong>\u00a00 \u2013 30<br \/>\n\u2022\u00a0<strong>Co2:<\/strong>\u00a0Opcional<\/p>\n<h3>Caracter\u00edsticas<\/h3>\n<div class=\"content-box long-description\">\n<p dir=\"ltr\" data-placeholder=\"Traducci\u00f3n\">Esta planta de tallo es fr\u00e1gil y dispone de una capacidad de crecimiento bastante compacta creando cojines planos de un color verde claro. Sus hojas son de un tama\u00f1o reducido, su forma se estrecha\u00a0 y la punta tiene un acabado afilado que dota a la Gratiola de un texturizado espinoso.<\/p>\n<p dir=\"ltr\" data-placeholder=\"Traducci\u00f3n\">Sus brotes crecen, solamente, unos 2 cm de ancho pero, sin embargo, lo compensa con una altura media de m\u00e1s de 20 cm. Su crecimiento es lento y es recomendable que el agua est\u00e9 fr\u00eda o a temperatura ambiente ya que procede de un clima bastante templado.<\/p>\n<\/div>\n<p>&nbsp;<\/p>\n","protected":false},"excerpt":{"rendered":"<p>Tallo de 5 cm<\/p>\n","protected":false},"featured_media":2710,"comment_status":"open","ping_status":"closed","template":"","meta":[],"product_cat":[59,66,35],"product_tag":[],"class_list":{"0":"post-2705","1":"product","2":"type-product","3":"status-publish","4":"has-post-thumbnail","6":"product_cat-medianos-requerimientos","7":"product_cat-plantas-para-nanoacuarios","8":"product_cat-plantas-tipo-tallo","10":"first","11":"instock","12":"shipping-taxable","13":"purchasable","14":"product-type-variable","15":"has-default-attributes"},"_links":{"self":[{"href":"http:\/\/acuarioredfish.com\/index.php?rest_route=\/wp\/v2\/product\/2705","targetHints":{"allow":["GET"]}}],"collection":[{"href":"http:\/\/acuarioredfish.com\/index.php?rest_route=\/wp\/v2\/product"}],"about":[{"href":"http:\/\/acuarioredfish.com\/index.php?rest_route=\/wp\/v2\/types\/product"}],"replies":[{"embeddable":true,"href":"http:\/\/acuarioredfish.com\/index.php?rest_route=%2Fwp%2Fv2%2Fcomments&post=2705"}],"wp:featuredmedia":[{"embeddable":true,"href":"http:\/\/acuarioredfish.com\/index.php?rest_route=\/wp\/v2\/media\/2710"}],"wp:attachment":[{"href":"http:\/\/acuarioredfish.com\/index.php?rest_route=%2Fwp%2Fv2%2Fmedia&parent=2705"}],"wp:term":[{"taxonomy":"product_cat","embeddable":true,"href":"http:\/\/acuarioredfish.com\/index.php?rest_route=%2Fwp%2Fv2%2Fproduct_cat&post=2705"},{"taxonomy":"product_tag","embeddable":true,"href":"http:\/\/acuarioredfish.com\/index.php?rest_route=%2Fwp%2Fv2%2Fproduct_tag&post=2705"}],"curies":[{"name":"wp","href":"https:\/\/api.w.org\/{rel}","templated":true}]}}