{"id":2727,"date":"2024-03-05T17:06:09","date_gmt":"2024-03-05T22:06:09","guid":{"rendered":"http:\/\/acuarioredfish.com\/?post_type=product&#038;p=2727"},"modified":"2025-01-01T00:48:48","modified_gmt":"2025-01-01T05:48:48","slug":"ludwigia-ovalis","status":"publish","type":"product","link":"http:\/\/acuarioredfish.com\/?product=ludwigia-ovalis","title":{"rendered":"Ludwigia ovalis"},"content":{"rendered":"<p><strong>Nombre com\u00fan:<\/strong> Ludwigia ovalis<br \/>\n<strong>Familia:<\/strong>\u00a0<em>Onagraceae<\/em><br \/>\n<strong>G\u00e9nero:<\/strong>\u00a0<em>Ludwigia\u00a0<\/em><br \/>\n<strong>Procedencia:<\/strong> Este asi\u00e1tico, Jap\u00f3n y Taiw\u00e1n<br \/>\n<strong>Dificultad:<\/strong> F\u00e1cil-moderada<br \/>\n<strong>Crecimiento:<\/strong> Moderado. Ligera inclinaci\u00f3n del tallo. Moderado. Las hojas crecen alternas, una hoja por nodo, igual que la L. Glandulosa, al contrario que la mayor\u00eda de las dem\u00e1s Ludwigias que crecen por pares, 2 hojas por nodo.<br \/>\n<strong>Requerimientos lum\u00ednicos:<\/strong> Moderado-alto.<br \/>\n<strong>Tama\u00f1o:<\/strong>\u00a0Alto 15-30 cm Ancho 5-8 cm<br \/>\n<strong>Situaci\u00f3n en el acuario:<\/strong> Zona media<br \/>\n<strong>Reproducci\u00f3n:<\/strong>\u00a0Esquejes. Del tallo principal podado surgir\u00e1n nuevos brotes<br \/>\n<strong>Agua:<\/strong> PH 6 &#8211; 8, preferentemente neutra; GH aguas blandas a duras<br \/>\n<strong>Temperatura:<\/strong> 22-28\u00ba<br \/>\n<strong>Sustrato:<\/strong>\u00a0Aunque no imprescindible agradece sustrato nutritivo<br \/>\n<strong>Nutrientes y Bio-indicadores<\/strong>: Abonado con macros (NPK) y micros (Fe)<br \/>\nCo2 no imprescindible pero si aconsejable. Precisa aporte de macros (NPK) y micros (Fe), aunque la limitaci\u00f3n de nitratos provoca una fuerte coloraci\u00f3n anaranjada de las hojas<\/p>\n<p>&nbsp;<\/p>\n","protected":false},"excerpt":{"rendered":"<p>Tallo de 10 cm<\/p>\n","protected":false},"featured_media":2732,"comment_status":"open","ping_status":"closed","template":"","meta":[],"product_cat":[82,59,78,56,35],"product_tag":[],"class_list":{"0":"post-2727","1":"product","2":"type-product","3":"status-publish","4":"has-post-thumbnail","6":"product_cat-ludwigia","7":"product_cat-medianos-requerimientos","8":"product_cat-novedades","9":"product_cat-plantas_rojas","10":"product_cat-plantas-tipo-tallo","12":"first","13":"instock","14":"shipping-taxable","15":"purchasable","16":"product-type-variable","17":"has-default-attributes"},"_links":{"self":[{"href":"http:\/\/acuarioredfish.com\/index.php?rest_route=\/wp\/v2\/product\/2727","targetHints":{"allow":["GET"]}}],"collection":[{"href":"http:\/\/acuarioredfish.com\/index.php?rest_route=\/wp\/v2\/product"}],"about":[{"href":"http:\/\/acuarioredfish.com\/index.php?rest_route=\/wp\/v2\/types\/product"}],"replies":[{"embeddable":true,"href":"http:\/\/acuarioredfish.com\/index.php?rest_route=%2Fwp%2Fv2%2Fcomments&post=2727"}],"wp:featuredmedia":[{"embeddable":true,"href":"http:\/\/acuarioredfish.com\/index.php?rest_route=\/wp\/v2\/media\/2732"}],"wp:attachment":[{"href":"http:\/\/acuarioredfish.com\/index.php?rest_route=%2Fwp%2Fv2%2Fmedia&parent=2727"}],"wp:term":[{"taxonomy":"product_cat","embeddable":true,"href":"http:\/\/acuarioredfish.com\/index.php?rest_route=%2Fwp%2Fv2%2Fproduct_cat&post=2727"},{"taxonomy":"product_tag","embeddable":true,"href":"http:\/\/acuarioredfish.com\/index.php?rest_route=%2Fwp%2Fv2%2Fproduct_tag&post=2727"}],"curies":[{"name":"wp","href":"https:\/\/api.w.org\/{rel}","templated":true}]}}