{"id":2762,"date":"2024-03-12T01:59:43","date_gmt":"2024-03-12T06:59:43","guid":{"rendered":"https:\/\/acuarioredfish.com\/?post_type=product&#038;p=2762"},"modified":"2025-01-01T00:20:20","modified_gmt":"2025-01-01T05:20:20","slug":"ammannia-pedicellata-golden","status":"publish","type":"product","link":"http:\/\/acuarioredfish.com\/?product=ammannia-pedicellata-golden","title":{"rendered":"Ammannia Pedicellata \u201cGolden\u201d"},"content":{"rendered":"<p><strong>Nombre com\u00fan: <\/strong>Ammania pedicellata \u00abgolden\u00bb<\/p>\n<p><strong>Nombre cient\u00edfico:<\/strong> <em>Ammania pedicellata<\/em><br \/>\n<strong>Familia:<\/strong>\u00a0<em>Lythraceae\u00a0<\/em><br \/>\n<strong>Procedencia: <\/strong>Oeste de Africa tropical (llanura de inundacion y pantanos de la zona)<br \/>\n<strong>Dificultad:<\/strong>\u00a0Media\/Alta<br \/>\n<strong>Crecimiento: <\/strong>R\u00e1pido, con buenos nutrientes e iluminaci\u00f3n.<br \/>\n<strong>Requerimientos lum\u00ednicos:<\/strong> Altos &#8211; muy altos (mas de 1w\/L).<br \/>\n<strong>Tama\u00f1o:<\/strong> 50 cms de alto; 2&#8217;cms las hojas,y tallo grueso(0.5cm)<br \/>\n<strong>Situaci\u00f3n en el acuario:<\/strong>\u00a0Parte trasera o media.<br \/>\n<strong>Reproducci\u00f3n:<\/strong><br \/>\nLa planta florece en forma emergida y se pueden obtener semillas para reproducci\u00f3n. Sin embargo, la forma m\u00e1s sencilla es mediante podas de la parte superior de la planta o ramas laterales.<br \/>\n<strong>Agua:<\/strong> PH: De 5,5 a 7; GH: 4-20.<br \/>\n<strong>Temperatura:<\/strong> De 22\u00ba a 28\u00baC.<br \/>\n<strong>Sustrato:<\/strong>\u00a0Cualquier tipo de granulometr\u00eda. Se recomienda un sustrato rico en nutrientes.<br \/>\n<strong>CO2:<\/strong>\u00a0Con muy buena concentraci\u00f3n de CO2, la planta crecer\u00e1 muy densa y fuerte , adem\u00e1s de un abonado muy completo NPK+Fe<br \/>\n<strong>Nutrientes y Bio-indicadores:<\/strong> esta planta suele necesitar el aporte de micronutrientes,sobre todo Fe(en su defecto perder\u00e1 su color naramja amarillo caracter\u00edstico).<br \/>\nUn alto contenido de nitrato conduce a que las hojas se vuelvan verdes,y la falta de fe las vuelve amarillenta<\/p>\n","protected":false},"excerpt":{"rendered":"<p>Tallo de 10 cm<\/p>\n","protected":false},"featured_media":2767,"comment_status":"open","ping_status":"closed","template":"","meta":[],"product_cat":[60,56,35],"product_tag":[],"class_list":{"0":"post-2762","1":"product","2":"type-product","3":"status-publish","4":"has-post-thumbnail","6":"product_cat-altos-requerimientos","7":"product_cat-plantas_rojas","8":"product_cat-plantas-tipo-tallo","10":"first","11":"instock","12":"shipping-taxable","13":"purchasable","14":"product-type-variable","15":"has-default-attributes"},"_links":{"self":[{"href":"http:\/\/acuarioredfish.com\/index.php?rest_route=\/wp\/v2\/product\/2762","targetHints":{"allow":["GET"]}}],"collection":[{"href":"http:\/\/acuarioredfish.com\/index.php?rest_route=\/wp\/v2\/product"}],"about":[{"href":"http:\/\/acuarioredfish.com\/index.php?rest_route=\/wp\/v2\/types\/product"}],"replies":[{"embeddable":true,"href":"http:\/\/acuarioredfish.com\/index.php?rest_route=%2Fwp%2Fv2%2Fcomments&post=2762"}],"wp:featuredmedia":[{"embeddable":true,"href":"http:\/\/acuarioredfish.com\/index.php?rest_route=\/wp\/v2\/media\/2767"}],"wp:attachment":[{"href":"http:\/\/acuarioredfish.com\/index.php?rest_route=%2Fwp%2Fv2%2Fmedia&parent=2762"}],"wp:term":[{"taxonomy":"product_cat","embeddable":true,"href":"http:\/\/acuarioredfish.com\/index.php?rest_route=%2Fwp%2Fv2%2Fproduct_cat&post=2762"},{"taxonomy":"product_tag","embeddable":true,"href":"http:\/\/acuarioredfish.com\/index.php?rest_route=%2Fwp%2Fv2%2Fproduct_tag&post=2762"}],"curies":[{"name":"wp","href":"https:\/\/api.w.org\/{rel}","templated":true}]}}