{"id":2860,"date":"2024-03-16T23:44:14","date_gmt":"2024-03-17T04:44:14","guid":{"rendered":"https:\/\/acuarioredfish.com\/?post_type=product&#038;p=2860"},"modified":"2024-03-17T19:08:52","modified_gmt":"2024-03-18T00:08:52","slug":"rotala-hra","status":"publish","type":"product","link":"http:\/\/acuarioredfish.com\/?product=rotala-hra","title":{"rendered":"Rotala H\u00b4ra"},"content":{"rendered":"<p><strong>Nombre com\u00fan:<\/strong>\u00a0<em>Rotala H\u00b4ra<\/em><\/p>\n<p><strong>Nombre cient\u00edfico:<\/strong>\u00a0<em>Rotala rotundifolia \u00bb Vietnam H\u00b4ra\u00bb<\/em><\/p>\n<p><strong>Familia: <\/strong><em>Lythraceae<\/em><br \/>\n<strong>Origen:<\/strong>\u00a0 Asia. H\u2019Ra en la provincia de Gia Lai, en el centro de Vietnam.<\/p>\n<p><strong>Dificultad: <\/strong>Media<\/p>\n<p><strong>Crecimiento:<\/strong> R\u00e1pido. Ralentiza su crecimiento con plantas que tapen la luz<br \/>\n<strong>Tama\u00f1o:<\/strong> Crece de 10 a 25 cm de altura<\/p>\n<p><strong>Situaci\u00f3n en el acuario: <\/strong>Plano medio y fondo<\/p>\n<p><strong>Agua: <\/strong>pH de 6.5\u00a0 a 7.5 , GH: 3 &#8211; 7<\/p>\n<p><strong>Temperatura<\/strong>:\u00a0 24\u00b0 &#8211;\u00a0 28\u00b0 C<\/p>\n<p><strong>Necesidades lum\u00ednicas:<\/strong> Alta. A mayor luz y abonado m\u00e1s colorear\u00e1.<\/p>\n<p><strong>Tipo de sustrato:<\/strong>\u00a0Necesitan un sustrato nutritivo para tener un buen crecimiento.<\/p>\n<p><strong>CO2:<\/strong> Requiere.<\/p>\n<p><strong>Nutrientes y Bio-indicadores:<\/strong> Marcadora de Hierro (Fe). En ausencia: decoloraci\u00f3n de las hojas, pobredumbre y crecimiento raqu\u00edtico. En su justa medida y tirando a alto en Fe, coloraci\u00f3n roja fuerte, le gusta un punto medio\/alto de P.<\/p>\n<p>&nbsp;<\/p>\n<p><span class=\"\" title=\"\">La\u00a0<a href=\"https:\/\/www.premiumbuces.com\/rotala-sp-vietnam-hra\/\">Rotala Vietnam H\u2019ra<\/a>\u00a0se parece mucho a Rotala Rotundifolia \u201cColorata\u201d, sin embargo, cuando se cultiva en las mismas condiciones, su\u00a0<strong>forma es de un color m\u00e1s anaranjado y hojas un poco m\u00e1s estrechas<\/strong>, y un crecimiento m\u00e1s sobresaliente y horizontal.<\/span><\/p>\n","protected":false},"excerpt":{"rendered":"<p>Tallo de 1o cm<\/p>\n","protected":false},"featured_media":2867,"comment_status":"open","ping_status":"closed","template":"","meta":[],"product_cat":[59,56,35],"product_tag":[],"class_list":{"0":"post-2860","1":"product","2":"type-product","3":"status-publish","4":"has-post-thumbnail","6":"product_cat-medianos-requerimientos","7":"product_cat-plantas_rojas","8":"product_cat-plantas-tipo-tallo","10":"first","11":"instock","12":"shipping-taxable","13":"purchasable","14":"product-type-variable","15":"has-default-attributes"},"_links":{"self":[{"href":"http:\/\/acuarioredfish.com\/index.php?rest_route=\/wp\/v2\/product\/2860","targetHints":{"allow":["GET"]}}],"collection":[{"href":"http:\/\/acuarioredfish.com\/index.php?rest_route=\/wp\/v2\/product"}],"about":[{"href":"http:\/\/acuarioredfish.com\/index.php?rest_route=\/wp\/v2\/types\/product"}],"replies":[{"embeddable":true,"href":"http:\/\/acuarioredfish.com\/index.php?rest_route=%2Fwp%2Fv2%2Fcomments&post=2860"}],"wp:featuredmedia":[{"embeddable":true,"href":"http:\/\/acuarioredfish.com\/index.php?rest_route=\/wp\/v2\/media\/2867"}],"wp:attachment":[{"href":"http:\/\/acuarioredfish.com\/index.php?rest_route=%2Fwp%2Fv2%2Fmedia&parent=2860"}],"wp:term":[{"taxonomy":"product_cat","embeddable":true,"href":"http:\/\/acuarioredfish.com\/index.php?rest_route=%2Fwp%2Fv2%2Fproduct_cat&post=2860"},{"taxonomy":"product_tag","embeddable":true,"href":"http:\/\/acuarioredfish.com\/index.php?rest_route=%2Fwp%2Fv2%2Fproduct_tag&post=2860"}],"curies":[{"name":"wp","href":"https:\/\/api.w.org\/{rel}","templated":true}]}}