{"id":2932,"date":"2025-01-06T10:49:13","date_gmt":"2025-01-06T15:49:13","guid":{"rendered":"http:\/\/acuarioredfish.com\/?post_type=product&#038;p=2932"},"modified":"2025-01-06T11:03:43","modified_gmt":"2025-01-06T16:03:43","slug":"anguililla-del-vinagre","status":"publish","type":"product","link":"http:\/\/acuarioredfish.com\/?product=anguililla-del-vinagre","title":{"rendered":"Anguililla del Vinagre"},"content":{"rendered":"<p><strong>Nombre com\u00fan:<\/strong> Anguililla del Vinagre<\/p>\n<p><strong>Nombre cient\u00edfico:<\/strong> <em>Turbatrix aceti<\/em><\/p>\n<p>Turbatrix aceti es un nematodo de vida libre de color blanco transparente, mide m\u00e1ximo 2 mil\u00edmetros de longitud y pueden verse a simple vista. Habita en vinagre de manzana, se alimenta de bacterias y levaduras. que se desarrollan en el vinagre \u00a0Su ciclo reproductivo es relativamente lento, alcanzando la madurez sexual a las 5 semanas (dependiendo de las condiciones de temperatura y humedad), con una esperanza de vida de 10 meses.<\/p>\n<p>Debido a su talla, valor nutritivo, ciclo de vida cort\u00f3, cuerpo blando, altas densidades de cultivo y movilidad presenta las caracter\u00edsticas adecuadas para ser considerado como alimento vivo en las primeras etapas larvarias de peces y crust\u00e1ceos.<\/p>\n<p>Ideales para el desarrollo de especies como tetras, killis, peces arco\u00edris y otras especies de peque\u00f1a talla y cr\u00edas de toda especie.<strong><\/p>\n<p>\u00bf C\u00f3mo utilizarlo? Modo de empleo<br \/>\n<\/strong>Esta es una cepa de inicio para comenzar el cultivo de este alimento vivo. Debido a su ciclo de vida se recomienda mantener por lo menos tres cultivos a la vez con diferencia de tres a cinco d\u00edas entre cada cultivo para asegurar una cantidad suficiente de alimento vivo.<\/p>\n<p>1. Utilizar un recipiente de pl\u00e1stico extendido con tapa. Realizar perforaciones en la tapa con un alfiler con la finalidad de oxigenar a los gusanos sin que las moscas puedan ingresar.<\/p>\n<p>2. Se debe de realizar una preparaci\u00f3n a partes iguales de vinagre de manzana con agua.<\/p>\n<p>3. Por cada litro de medio de cultivo se a\u00f1aden 4 cucharadas de az\u00facar y una rodaja de manzana.<\/p>\n<p>4. A diferencia de otros cultivos de alimento vivo, este cultivo puede durar hasta un a\u00f1o sin necesidad de renovarlo.<\/p>\n<p><strong>Modo de administraci\u00f3n a los peces<\/strong><\/p>\n<p>Con un gotero, tome unas gotas del medio y administrar directamente. Una forma mas limpia es filtrar el medio con ayuda de un filtro para caf\u00e9 y aclararlo en el acuario. Los gusanos viven indefinidamente en agua dulce, pero no pueden reproducirse.<\/p>\n","protected":false},"excerpt":{"rendered":"<p>Presentaci\u00f3n:\u00a0 Boletlla de 100 mL diametro.<\/p>\n","protected":false},"featured_media":2938,"comment_status":"open","ping_status":"closed","template":"","meta":[],"product_cat":[26],"product_tag":[],"class_list":{"0":"post-2932","1":"product","2":"type-product","3":"status-publish","4":"has-post-thumbnail","6":"product_cat-alimento-vivo","8":"first","9":"instock","10":"shipping-taxable","11":"purchasable","12":"product-type-variable","13":"has-default-attributes"},"_links":{"self":[{"href":"http:\/\/acuarioredfish.com\/index.php?rest_route=\/wp\/v2\/product\/2932","targetHints":{"allow":["GET"]}}],"collection":[{"href":"http:\/\/acuarioredfish.com\/index.php?rest_route=\/wp\/v2\/product"}],"about":[{"href":"http:\/\/acuarioredfish.com\/index.php?rest_route=\/wp\/v2\/types\/product"}],"replies":[{"embeddable":true,"href":"http:\/\/acuarioredfish.com\/index.php?rest_route=%2Fwp%2Fv2%2Fcomments&post=2932"}],"wp:featuredmedia":[{"embeddable":true,"href":"http:\/\/acuarioredfish.com\/index.php?rest_route=\/wp\/v2\/media\/2938"}],"wp:attachment":[{"href":"http:\/\/acuarioredfish.com\/index.php?rest_route=%2Fwp%2Fv2%2Fmedia&parent=2932"}],"wp:term":[{"taxonomy":"product_cat","embeddable":true,"href":"http:\/\/acuarioredfish.com\/index.php?rest_route=%2Fwp%2Fv2%2Fproduct_cat&post=2932"},{"taxonomy":"product_tag","embeddable":true,"href":"http:\/\/acuarioredfish.com\/index.php?rest_route=%2Fwp%2Fv2%2Fproduct_tag&post=2932"}],"curies":[{"name":"wp","href":"https:\/\/api.w.org\/{rel}","templated":true}]}}