{"id":361,"date":"2018-05-27T00:55:07","date_gmt":"2018-05-27T05:55:07","guid":{"rendered":"http:\/\/acuarioredfish.com\/?post_type=product&#038;p=361"},"modified":"2024-02-26T13:57:53","modified_gmt":"2024-02-26T18:57:53","slug":"alternanthera-reineckii-rosanervig","status":"publish","type":"product","link":"http:\/\/acuarioredfish.com\/?product=alternanthera-reineckii-rosanervig","title":{"rendered":"Alternanthera reineckii rosanervig"},"content":{"rendered":"<p><strong>Nombre com\u00fan:<\/strong>\u00a0Alternanthera reineckii rosanervig<\/p>\n<p><strong>Nombre cient\u00edfico:<\/strong><em>\u00a0Alternanthera reineckii rosanervig<\/em><\/p>\n<p><strong>Familia:<\/strong>\u00a0<em>Amaranthaceae<\/em><br \/>\n<strong>Procedencia:<\/strong>\u00a0cultivo, estoy quiere decir que fue creada a partir de reproducci\u00f3n selectiva<br \/>\n<strong>Dificultad:<\/strong>\u00a0Media<br \/>\n<strong>Crecimiento:<\/strong>\u00a0Lento<br \/>\n<strong>Requerimientos lum\u00ednicos:<\/strong>\u00a0Alta a muy alta<br \/>\n<strong>Tama\u00f1o:<\/strong>\u00a0\u00a0\u00a0Alternanthera tiene hojas alargadas tirando a ovaladas con terminaci\u00f3n en pico de 3-8 cm de largo, los tallos de 15 a 50 cm y de 10 a 20 cm de ancho.<br \/>\n<strong>Situaci\u00f3n en el acuario:<\/strong>\u00a0 Zona media o delantera.<br \/>\n<strong>Reproducci\u00f3n:<\/strong>\u00a0Por esquejes, cortados y plantados en el sustrato directamente<br \/>\n<strong>Agua:<\/strong>\u00a0PH 5 a 8; GH 0 -14: blandas a duras.<br \/>\n<strong>Temperatura:<\/strong>\u00a04 a 30\u00b0 C<br \/>\n<strong>Sustrato:<\/strong>\u00a0Arcilloso, rico en nutrientes.<br \/>\n<strong>CO2:<\/strong><br \/>\n<strong>Nutrientes y Bio-indicadores:<\/strong>\u00a0Como toda planta roja aprecia sustratos con presencia de arcilla, cuando es sometida a una alta intensidad de luz, la distancia entrenudos ser\u00e1 m\u00ednima y puede verse inhibido el crecimiento vertical, comport\u00e1ndose como planta tapizante, la inyecci\u00f3n de CO2 resulta imprescindible para mantener un pH \u00e1cido que gusta esta especie para poder desarrollarse con vigor y aprovechar la luz intensa que requiere la especie para sobrevivir y expresar colores s\u00f3lidos y brillantes\u2026<\/p>\n","protected":false},"excerpt":{"rendered":"<p>Tallo de 10 cm<\/p>\n","protected":false},"featured_media":350,"comment_status":"open","ping_status":"closed","template":"","meta":[],"product_cat":[81,59,56,35],"product_tag":[],"class_list":{"0":"post-361","1":"product","2":"type-product","3":"status-publish","4":"has-post-thumbnail","6":"product_cat-alternanthera","7":"product_cat-medianos-requerimientos","8":"product_cat-plantas_rojas","9":"product_cat-plantas-tipo-tallo","11":"first","12":"instock","13":"shipping-taxable","14":"purchasable","15":"product-type-variable","16":"has-default-attributes"},"_links":{"self":[{"href":"http:\/\/acuarioredfish.com\/index.php?rest_route=\/wp\/v2\/product\/361","targetHints":{"allow":["GET"]}}],"collection":[{"href":"http:\/\/acuarioredfish.com\/index.php?rest_route=\/wp\/v2\/product"}],"about":[{"href":"http:\/\/acuarioredfish.com\/index.php?rest_route=\/wp\/v2\/types\/product"}],"replies":[{"embeddable":true,"href":"http:\/\/acuarioredfish.com\/index.php?rest_route=%2Fwp%2Fv2%2Fcomments&post=361"}],"wp:featuredmedia":[{"embeddable":true,"href":"http:\/\/acuarioredfish.com\/index.php?rest_route=\/wp\/v2\/media\/350"}],"wp:attachment":[{"href":"http:\/\/acuarioredfish.com\/index.php?rest_route=%2Fwp%2Fv2%2Fmedia&parent=361"}],"wp:term":[{"taxonomy":"product_cat","embeddable":true,"href":"http:\/\/acuarioredfish.com\/index.php?rest_route=%2Fwp%2Fv2%2Fproduct_cat&post=361"},{"taxonomy":"product_tag","embeddable":true,"href":"http:\/\/acuarioredfish.com\/index.php?rest_route=%2Fwp%2Fv2%2Fproduct_tag&post=361"}],"curies":[{"name":"wp","href":"https:\/\/api.w.org\/{rel}","templated":true}]}}