{"id":366,"date":"2018-05-27T01:07:11","date_gmt":"2018-05-27T06:07:11","guid":{"rendered":"http:\/\/acuarioredfish.com\/?post_type=product&#038;p=366"},"modified":"2024-12-31T18:03:35","modified_gmt":"2024-12-31T23:03:35","slug":"amamania-bonsai","status":"publish","type":"product","link":"http:\/\/acuarioredfish.com\/?product=amamania-bonsai","title":{"rendered":"Ammania bonsai"},"content":{"rendered":"<p><strong>Nombre com\u00fan:<\/strong>\u00a0Amamania bonsai<br \/>\n<strong>Nombre cient\u00edfico:<\/strong>\u00a0<em>Ammania bonsai<\/em><br \/>\n<strong>Familia:<\/strong>\u00a0<em>Lythraceae<\/em><br \/>\n<strong>Procedencia:<\/strong>\u00a0Africa<br \/>\n<strong>Dificultad:<\/strong>\u00a0f\u00e1cil<br \/>\n<strong>Crecimiento:<\/strong>lento\/moderado<br \/>\n<strong>Requerimientos lum\u00ednicos<\/strong>: condiciones lum\u00ednicas medias. 0,5 wattios por litro.<br \/>\n<strong>Tama\u00f1o:<\/strong>hasta 15 cms de altura.<br \/>\n<strong>Situaci\u00f3n en el acuario:<\/strong>\u00a0Media.<br \/>\n<strong>Reproducci\u00f3n:<\/strong>\u00a0por esquejes de los tallos.<br \/>\n<strong>Agua:<\/strong>PH :5,5 y 7,5 ; GH : cualquier tipo de aguas.<br \/>\n<strong>Temperatura<\/strong>:18\u00baC a 30\u00baC.<br \/>\n<strong>Sustrato: <\/strong>no determinante debido a que absorbe nutrientes a trav\u00e9s de sus hojas.<br \/>\n<strong>CO2: <\/strong>recomendable, no imprescindible.<br \/>\n<strong>Nutrientes y Bio-indicadores<\/strong>: El uso de NPK&#8217;s en acuarios de alto rendimiento aceleraran su tasa de crecimiento a moderado y favorecer\u00e1 en los brotes superiores su caracter\u00edstica coloraci\u00f3n.<\/p>\n<p>La ammania sp. Bonsai es una planta muy interesante para crear compactas zonas macizas simulando arboledas debido a su tronco m\u00e1s grueso. Sus bonitas hojas redondeadas con una iluminaci\u00f3n fuerte nos mostrar\u00e1 en sus brotes superiores tonos anaranjados\/rojizos.<\/p>\n<p>&nbsp;<\/p>\n","protected":false},"excerpt":{"rendered":"<p>Tallo de 5 cm<\/p>\n","protected":false},"featured_media":369,"comment_status":"open","ping_status":"closed","template":"","meta":[],"product_cat":[60,66,35],"product_tag":[],"class_list":{"0":"post-366","1":"product","2":"type-product","3":"status-publish","4":"has-post-thumbnail","6":"product_cat-altos-requerimientos","7":"product_cat-plantas-para-nanoacuarios","8":"product_cat-plantas-tipo-tallo","10":"first","11":"outofstock","12":"shipping-taxable","13":"product-type-variable","14":"has-default-attributes"},"_links":{"self":[{"href":"http:\/\/acuarioredfish.com\/index.php?rest_route=\/wp\/v2\/product\/366","targetHints":{"allow":["GET"]}}],"collection":[{"href":"http:\/\/acuarioredfish.com\/index.php?rest_route=\/wp\/v2\/product"}],"about":[{"href":"http:\/\/acuarioredfish.com\/index.php?rest_route=\/wp\/v2\/types\/product"}],"replies":[{"embeddable":true,"href":"http:\/\/acuarioredfish.com\/index.php?rest_route=%2Fwp%2Fv2%2Fcomments&post=366"}],"wp:featuredmedia":[{"embeddable":true,"href":"http:\/\/acuarioredfish.com\/index.php?rest_route=\/wp\/v2\/media\/369"}],"wp:attachment":[{"href":"http:\/\/acuarioredfish.com\/index.php?rest_route=%2Fwp%2Fv2%2Fmedia&parent=366"}],"wp:term":[{"taxonomy":"product_cat","embeddable":true,"href":"http:\/\/acuarioredfish.com\/index.php?rest_route=%2Fwp%2Fv2%2Fproduct_cat&post=366"},{"taxonomy":"product_tag","embeddable":true,"href":"http:\/\/acuarioredfish.com\/index.php?rest_route=%2Fwp%2Fv2%2Fproduct_tag&post=366"}],"curies":[{"name":"wp","href":"https:\/\/api.w.org\/{rel}","templated":true}]}}