{"id":387,"date":"2018-05-28T11:43:17","date_gmt":"2018-05-28T16:43:17","guid":{"rendered":"http:\/\/acuarioredfish.com\/?post_type=product&#038;p=387"},"modified":"2024-12-31T17:45:23","modified_gmt":"2024-12-31T22:45:23","slug":"mini-bolbitis","status":"publish","type":"product","link":"http:\/\/acuarioredfish.com\/?product=mini-bolbitis","title":{"rendered":"Mini Bolbitis"},"content":{"rendered":"<p><strong>Nombre com\u00fan:<\/strong>\u00a0Mini Bolbitis o Bolbitis Davallia.<br \/>\n<strong>Nombre cient\u00edfico:<\/strong>\u00a0<em>Bolbitis Heteroclita Difformis<\/em>, anteriormente conocida como Edanyoa Difformis.<br \/>\n<strong>Familia:<\/strong>\u00a0<em>Dryopteridaceae<\/em><br \/>\n<strong>Procedencia:<\/strong>\u00a0Asiatico. (Tailandia, Indonesia y Nueva Guinea)<br \/>\n<strong>Dificultad:<\/strong>\u00a0Media<br \/>\n<strong>Crecimiento:<\/strong>\u00a0Muy Lento.<br \/>\n<strong>Requerimientos lum\u00ednicos:<\/strong>\u00a0Baja a media<br \/>\n<strong>Tama\u00f1o:<\/strong>. de 3 a 10 cm.<br \/>\n<strong>Situaci\u00f3n en el acuario:<\/strong>. Primer plano, ideal para peque\u00f1os acuarios.<br \/>\n<strong>Reproducci\u00f3n:<\/strong>\u00a0Por rizomas.<br \/>\n<strong>Agua:<\/strong>\u00a0ph (6-7,5\u00ba) gh (1-20\u00ba)<br \/>\n<strong>Temperatura:<\/strong>\u00a0De 15 \u2013 28\u00baC<br \/>\n<strong>Sustrato:<\/strong>\u00a0Al ser un helecho evitar enterrar el rizoma, en caso de que se entierre termina pudri\u00e9ndose, el m\u00e9todo com\u00fan es atar por medio de hilos en las rocas o maderas.<br \/>\n<strong>CO2:<\/strong>\u00a0No necesario, pero recomendable.<br \/>\n<strong>Nutrientes y Bio-indicadores<\/strong>: Agradece abonado de macro y leve presencia de micro en la columna de agua (NPK + Fe).<\/p>\n","protected":false},"excerpt":{"rendered":"<p>Rizoma de 5 a 8 hojas<\/p>\n","protected":false},"featured_media":391,"comment_status":"open","ping_status":"closed","template":"","meta":[],"product_cat":[79,59,66,39],"product_tag":[],"class_list":{"0":"post-387","1":"product","2":"type-product","3":"status-publish","4":"has-post-thumbnail","6":"product_cat-helechos","7":"product_cat-medianos-requerimientos","8":"product_cat-plantas-para-nanoacuarios","9":"product_cat-plantas-tipo-rizomas","11":"first","12":"instock","13":"shipping-taxable","14":"purchasable","15":"product-type-variable","16":"has-default-attributes"},"_links":{"self":[{"href":"http:\/\/acuarioredfish.com\/index.php?rest_route=\/wp\/v2\/product\/387","targetHints":{"allow":["GET"]}}],"collection":[{"href":"http:\/\/acuarioredfish.com\/index.php?rest_route=\/wp\/v2\/product"}],"about":[{"href":"http:\/\/acuarioredfish.com\/index.php?rest_route=\/wp\/v2\/types\/product"}],"replies":[{"embeddable":true,"href":"http:\/\/acuarioredfish.com\/index.php?rest_route=%2Fwp%2Fv2%2Fcomments&post=387"}],"wp:featuredmedia":[{"embeddable":true,"href":"http:\/\/acuarioredfish.com\/index.php?rest_route=\/wp\/v2\/media\/391"}],"wp:attachment":[{"href":"http:\/\/acuarioredfish.com\/index.php?rest_route=%2Fwp%2Fv2%2Fmedia&parent=387"}],"wp:term":[{"taxonomy":"product_cat","embeddable":true,"href":"http:\/\/acuarioredfish.com\/index.php?rest_route=%2Fwp%2Fv2%2Fproduct_cat&post=387"},{"taxonomy":"product_tag","embeddable":true,"href":"http:\/\/acuarioredfish.com\/index.php?rest_route=%2Fwp%2Fv2%2Fproduct_tag&post=387"}],"curies":[{"name":"wp","href":"https:\/\/api.w.org\/{rel}","templated":true}]}}