{"id":425,"date":"2018-05-28T12:34:27","date_gmt":"2018-05-28T17:34:27","guid":{"rendered":"http:\/\/acuarioredfish.com\/?post_type=product&#038;p=425"},"modified":"2026-02-18T21:21:27","modified_gmt":"2026-02-19T02:21:27","slug":"cryptocoryne-affinis","status":"publish","type":"product","link":"http:\/\/acuarioredfish.com\/?product=cryptocoryne-affinis","title":{"rendered":"Cryptocoryne affinis"},"content":{"rendered":"<p><strong>Nombre cient\u00edfico:<\/strong>\u00a0<em>Cryptocoryne affinis<\/em><\/p>\n<p><strong>Familia:<\/strong>\u00a0<em>Araceae<\/em><br \/>\n<strong>Procedencia:<\/strong>\u00a0Tailandia y Malasia<br \/>\n<strong>Dificultad:<\/strong>\u00a0F\u00e1cil<br \/>\n<strong>Crecimiento:<\/strong>\u00a0Lento<br \/>\n<strong>Requerimientos lum\u00ednicos:<\/strong>\u00a0 Bajos a Medios<br \/>\n<strong>Tama\u00f1o:<\/strong>\u00a0Alcanza los 35 cms de altura, formando plantas de 30-45 cms<br \/>\n<strong>Situaci\u00f3n en el acuario:<\/strong>\u00a0 Ubicaci\u00f3n Media o Trasera<br \/>\n<strong>Reproducci\u00f3n:<\/strong>\u00a0Asexual, la planta posee rizomas que se multiplican cuando las condiciones de pH, temperatura y del sustrato f\u00e9rtil, son adecuadas para la emergencia, desarrollo de la pl\u00e1ntula y obtenci\u00f3n de las primeras 3 hojas verdaderas. Puede ser reproducida sexualmente por medio de las flores, pero es una ardua tarea y algo dif\u00edcil de conseguir.<br \/>\n<strong>Agua:<\/strong>\u00a0PH 5.5 &#8211; 8; GH: 6 \u2013 13<br \/>\n<strong>Temperatura:<\/strong>\u00a022 a 28\u00b0 C<br \/>\n<strong>Sustrato:<\/strong>\u00a0 Aconsejable sustrato nutritivo o arcilloso<br \/>\n<strong>CO2:<\/strong>\u00a0No esencial<br \/>\n<strong>Nutrientes y Bio-indicadores:<\/strong>\u00a0Abonado de NPK y Hierro<\/p>\n","protected":false},"excerpt":{"rendered":"<p>Pl\u00e1ntula de 3 a 4 hojas<\/p>\n","protected":false},"featured_media":429,"comment_status":"open","ping_status":"closed","template":"","meta":[],"product_cat":[58,77,36],"product_tag":[],"class_list":{"0":"post-425","1":"product","2":"type-product","3":"status-publish","4":"has-post-thumbnail","6":"product_cat-bajo-requerimientos","7":"product_cat-cryptocoryne","8":"product_cat-plantas-tipo-roseta","10":"first","11":"instock","12":"shipping-taxable","13":"purchasable","14":"product-type-variable","15":"has-default-attributes"},"_links":{"self":[{"href":"http:\/\/acuarioredfish.com\/index.php?rest_route=\/wp\/v2\/product\/425","targetHints":{"allow":["GET"]}}],"collection":[{"href":"http:\/\/acuarioredfish.com\/index.php?rest_route=\/wp\/v2\/product"}],"about":[{"href":"http:\/\/acuarioredfish.com\/index.php?rest_route=\/wp\/v2\/types\/product"}],"replies":[{"embeddable":true,"href":"http:\/\/acuarioredfish.com\/index.php?rest_route=%2Fwp%2Fv2%2Fcomments&post=425"}],"wp:featuredmedia":[{"embeddable":true,"href":"http:\/\/acuarioredfish.com\/index.php?rest_route=\/wp\/v2\/media\/429"}],"wp:attachment":[{"href":"http:\/\/acuarioredfish.com\/index.php?rest_route=%2Fwp%2Fv2%2Fmedia&parent=425"}],"wp:term":[{"taxonomy":"product_cat","embeddable":true,"href":"http:\/\/acuarioredfish.com\/index.php?rest_route=%2Fwp%2Fv2%2Fproduct_cat&post=425"},{"taxonomy":"product_tag","embeddable":true,"href":"http:\/\/acuarioredfish.com\/index.php?rest_route=%2Fwp%2Fv2%2Fproduct_tag&post=425"}],"curies":[{"name":"wp","href":"https:\/\/api.w.org\/{rel}","templated":true}]}}