{"id":456,"date":"2018-05-28T23:54:58","date_gmt":"2018-05-29T04:54:58","guid":{"rendered":"http:\/\/acuarioredfish.com\/?post_type=product&#038;p=456"},"modified":"2026-02-18T21:22:43","modified_gmt":"2026-02-19T02:22:43","slug":"didiplis-diandra","status":"publish","type":"product","link":"http:\/\/acuarioredfish.com\/?product=didiplis-diandra","title":{"rendered":"Didiplis diandra"},"content":{"rendered":"<p><strong>Nombre com\u00fan:<\/strong>\u00a0Didiplis diandra, Peplis diandra.<br \/>\n<strong>Nombre cient\u00edfico:<\/strong>\u00a0<em>Didiplis diandra<\/em><br \/>\n<strong>Familia:<\/strong>\u00a0<em>Lythraceae<\/em><br \/>\n<strong>Procedencia:<\/strong>\u00a0Estados Unidos de Am\u00e9rica<br \/>\n<strong>Dificultad:<\/strong>\u00a0Dif\u00edcil<br \/>\n<strong>Crecimiento:<\/strong>\u00a0Moderado a alto<br \/>\n<strong>Requerimientos lum\u00ednicos:<\/strong>\u00a0Muy altos, a partir de 1w\/l. Cuando las condiciones de luz son elevadas, la planta adquiere en superficie unas tonalidades que van desde el naranja al rojo.<br \/>\n<strong>Tama\u00f1o:<\/strong>\u00a0En altura de 10 a 20 cm aprox.; En ancho de 2 a 4 cms aprox.<br \/>\n<strong>Situaci\u00f3n en el acuario:<\/strong>\u00a0Plano medio y fondo. La planta se desarrolla mejor con luz directa, sin que otras plantas la tapen de la luz.<br \/>\n<strong>Reproducci\u00f3n:<\/strong>\u00a0Por tallos.<br \/>\n<strong>Agua:<\/strong>\u00a0Ph: De 5 a 8, preferentemente \u00e1cida; GH : De blandas a semis-duras.<br \/>\n<strong>Temperatura:<\/strong>\u00a0de 20\u00ba a 30\u00ba. \u00d3ptimo 24\u00ba\/26\u00ba.<br \/>\n<strong>Sustrato:<\/strong>\u00a0De granulometr\u00eda fina a media. Agradece un sustrato nutritivo.<br \/>\n<strong>CO2:<\/strong>\u00a0Imprescindible, 20\/30mg\/l<br \/>\n<strong>Nutrientes y Bio-indicadores<\/strong>: Marcadora de Hierro (Fe). Aporte de macro nutrientes (NPK).<br \/>\nEn ausencia de Fe: Crecimiento raqu\u00edtico, fino, aparici\u00f3n de tonos p\u00e1lidos en las hojas y degradaci\u00f3n de las mismas.<\/p>\n","protected":false},"excerpt":{"rendered":"<p>Tallo de 10 cm<\/p>\n","protected":false},"featured_media":454,"comment_status":"open","ping_status":"closed","template":"","meta":[],"product_cat":[60,66,56,35],"product_tag":[],"class_list":{"0":"post-456","1":"product","2":"type-product","3":"status-publish","4":"has-post-thumbnail","6":"product_cat-altos-requerimientos","7":"product_cat-plantas-para-nanoacuarios","8":"product_cat-plantas_rojas","9":"product_cat-plantas-tipo-tallo","11":"first","12":"instock","13":"shipping-taxable","14":"purchasable","15":"product-type-variable","16":"has-default-attributes"},"_links":{"self":[{"href":"http:\/\/acuarioredfish.com\/index.php?rest_route=\/wp\/v2\/product\/456","targetHints":{"allow":["GET"]}}],"collection":[{"href":"http:\/\/acuarioredfish.com\/index.php?rest_route=\/wp\/v2\/product"}],"about":[{"href":"http:\/\/acuarioredfish.com\/index.php?rest_route=\/wp\/v2\/types\/product"}],"replies":[{"embeddable":true,"href":"http:\/\/acuarioredfish.com\/index.php?rest_route=%2Fwp%2Fv2%2Fcomments&post=456"}],"wp:featuredmedia":[{"embeddable":true,"href":"http:\/\/acuarioredfish.com\/index.php?rest_route=\/wp\/v2\/media\/454"}],"wp:attachment":[{"href":"http:\/\/acuarioredfish.com\/index.php?rest_route=%2Fwp%2Fv2%2Fmedia&parent=456"}],"wp:term":[{"taxonomy":"product_cat","embeddable":true,"href":"http:\/\/acuarioredfish.com\/index.php?rest_route=%2Fwp%2Fv2%2Fproduct_cat&post=456"},{"taxonomy":"product_tag","embeddable":true,"href":"http:\/\/acuarioredfish.com\/index.php?rest_route=%2Fwp%2Fv2%2Fproduct_tag&post=456"}],"curies":[{"name":"wp","href":"https:\/\/api.w.org\/{rel}","templated":true}]}}