{"id":577,"date":"2018-05-31T12:25:36","date_gmt":"2018-05-31T17:25:36","guid":{"rendered":"http:\/\/acuarioredfish.com\/?post_type=product&#038;p=577"},"modified":"2024-03-02T14:37:19","modified_gmt":"2024-03-02T19:37:19","slug":"hydrocotyle-tripartita","status":"publish","type":"product","link":"http:\/\/acuarioredfish.com\/?product=hydrocotyle-tripartita","title":{"rendered":"Hydrocotyle tripartita"},"content":{"rendered":"<p><strong>Nombre com\u00fan:<\/strong>\u00a0Hydrocotyle sp Australia, Hydriocotile sp Japan<br \/>\n<strong>Nombre cient\u00edfico:<\/strong>\u00a0<em>Hydrocotyle tripartita<\/em><br \/>\n<strong>Familia:<\/strong>\u00a0<em>Araliaceae<\/em><br \/>\n<strong>Procedencia:<\/strong>\u00a0Australia<br \/>\n<strong>Dificultad:<\/strong>\u00a0F\u00e1cil \u2013 Muy facil<br \/>\n<strong>Crecimiento:<\/strong>\u00a0R\u00e1pido- muy r\u00e1pido<br \/>\n<strong>Requerimientos lum\u00ednicos:<\/strong>\u00a0Requerimientos lum\u00ednicas medios- altos. Con una iluminaci\u00f3n baja, la distancia intermodal se ampliar\u00e1 y aumentara su altura.<br \/>\n<strong>Tama\u00f1o:<\/strong>\u00a0Es una planta rastrera, en altura no mas de 3-5 cm, a lo ancho puede ser invasora y ocuopar una gran superficie.<br \/>\n<strong>Situaci\u00f3n en el acuario:<\/strong>\u00a0Zona delantera<br \/>\n<strong>Reproducci\u00f3n:<\/strong>\u00a0Por corte y resembrado de esquejes.<br \/>\n<strong>Agua:<\/strong>\u00a0pH : Tolera un amplio margen puediendo estar en Ph: 5.5-7; GH : De blandas a duras, 0\u00ba-14\u00ba dKh.<br \/>\n<strong>Temperatura:<\/strong>\u00a020-28 \u00baC<br \/>\n<strong>Sustrato:<\/strong>\u00a0Preferiblemente sustratos arenosos y porosos donde poder anclar sus ra\u00edces aunque no es excesivamente exigente en este aspecto.<br \/>\n<strong>CO2:<\/strong>\u00a0No desestimara su aporte aunque puede crecer sin el<br \/>\n<strong>Nutrientes y Bio-indicadores<\/strong>: Buena marcadora de potasio, ante su carencia las hojas se tornan amarillentas r\u00e1pidamente.<\/p>\n","protected":false},"excerpt":{"rendered":"<p>Estol\u00f3n de 20 cm<\/p>\n","protected":false},"featured_media":583,"comment_status":"open","ping_status":"closed","template":"","meta":[],"product_cat":[59,66,37],"product_tag":[],"class_list":{"0":"post-577","1":"product","2":"type-product","3":"status-publish","4":"has-post-thumbnail","6":"product_cat-medianos-requerimientos","7":"product_cat-plantas-para-nanoacuarios","8":"product_cat-plantas-tapizantes","10":"first","11":"instock","12":"shipping-taxable","13":"purchasable","14":"product-type-variable","15":"has-default-attributes"},"_links":{"self":[{"href":"http:\/\/acuarioredfish.com\/index.php?rest_route=\/wp\/v2\/product\/577","targetHints":{"allow":["GET"]}}],"collection":[{"href":"http:\/\/acuarioredfish.com\/index.php?rest_route=\/wp\/v2\/product"}],"about":[{"href":"http:\/\/acuarioredfish.com\/index.php?rest_route=\/wp\/v2\/types\/product"}],"replies":[{"embeddable":true,"href":"http:\/\/acuarioredfish.com\/index.php?rest_route=%2Fwp%2Fv2%2Fcomments&post=577"}],"wp:featuredmedia":[{"embeddable":true,"href":"http:\/\/acuarioredfish.com\/index.php?rest_route=\/wp\/v2\/media\/583"}],"wp:attachment":[{"href":"http:\/\/acuarioredfish.com\/index.php?rest_route=%2Fwp%2Fv2%2Fmedia&parent=577"}],"wp:term":[{"taxonomy":"product_cat","embeddable":true,"href":"http:\/\/acuarioredfish.com\/index.php?rest_route=%2Fwp%2Fv2%2Fproduct_cat&post=577"},{"taxonomy":"product_tag","embeddable":true,"href":"http:\/\/acuarioredfish.com\/index.php?rest_route=%2Fwp%2Fv2%2Fproduct_tag&post=577"}],"curies":[{"name":"wp","href":"https:\/\/api.w.org\/{rel}","templated":true}]}}