{"id":675,"date":"2018-06-01T12:53:07","date_gmt":"2018-06-01T17:53:07","guid":{"rendered":"http:\/\/acuarioredfish.com\/?post_type=product&#038;p=675"},"modified":"2024-02-19T00:11:41","modified_gmt":"2024-02-19T05:11:41","slug":"ludwigia-palustris","status":"publish","type":"product","link":"http:\/\/acuarioredfish.com\/?product=ludwigia-palustris","title":{"rendered":"Ludwigia Palustris Red"},"content":{"rendered":"<p><strong>Nombre com\u00fan:<\/strong>\u00a0Ludwigia Palustris<br \/>\n<strong>Familia:<\/strong>\u00a0<em>Onagraceae<\/em><br \/>\n<strong>G\u00e9nero:<\/strong>\u00a0<em>Ludwigia\u00a0<\/em><br \/>\n<strong>Procedencia:<\/strong>\u00a0Norteam\u00e9rica<br \/>\n<strong>Dificultad:<\/strong>\u00a0Norteam\u00e9rica<br \/>\n<strong>Crecimiento:<\/strong>\u00a0R\u00e1pido<br \/>\n<strong>Requerimientos lum\u00ednicos:<\/strong>\u00a0Moderado-alto. A menos luz su crecimiento ser\u00e1 m\u00e1s lento con hojas verde, con luz intensa sus hojas se tornar\u00e1n rojas-anaranjadas con un crecimiento r\u00e1pido<br \/>\n<strong>Tama\u00f1o:<\/strong>\u00a0Alto 15-30 cm Ancho 5-8 cm<br \/>\n<strong>Situaci\u00f3n en el acuario:<\/strong>\u00a0Zona media-trasera con espacio suficiente para su crecimiento<br \/>\n<strong>Reproducci\u00f3n:<\/strong>\u00a0Esquejes. Del tallo principal podado surgir\u00e1n nuevos brotes<br \/>\n<strong>Agua:<\/strong>\u00a0PH 5 -7.5, preferentemente \u00e1cida ; GH dureza media<br \/>\n<strong>Temperatura:<\/strong>\u00a018\u00ba-26\u00ba<br \/>\n<strong>Sustrato:<\/strong>\u00a0Aunque no imprescindible agradece sustrato nutritivo<br \/>\n<strong>Nutrientes y Bio-indicadores<\/strong>: Abonado con macros (NPK) y micros (Fe)<br \/>\nCo2 no imprescindible pero lo agradece con luz intensa<br \/>\nCon niveles bajos de nitratos y altos de fosfatos las hojas ser\u00e1n m\u00e1s rojas<\/p>\n<p>&nbsp;<\/p>\n","protected":false},"excerpt":{"rendered":"<p>Tallo de 10 cm<\/p>\n","protected":false},"featured_media":1728,"comment_status":"open","ping_status":"closed","template":"","meta":[],"product_cat":[60,82,78,66,56,35],"product_tag":[],"class_list":{"0":"post-675","1":"product","2":"type-product","3":"status-publish","4":"has-post-thumbnail","6":"product_cat-altos-requerimientos","7":"product_cat-ludwigia","8":"product_cat-novedades","9":"product_cat-plantas-para-nanoacuarios","10":"product_cat-plantas_rojas","11":"product_cat-plantas-tipo-tallo","13":"first","14":"instock","15":"sale","16":"shipping-taxable","17":"purchasable","18":"product-type-variable","19":"has-default-attributes"},"_links":{"self":[{"href":"http:\/\/acuarioredfish.com\/index.php?rest_route=\/wp\/v2\/product\/675","targetHints":{"allow":["GET"]}}],"collection":[{"href":"http:\/\/acuarioredfish.com\/index.php?rest_route=\/wp\/v2\/product"}],"about":[{"href":"http:\/\/acuarioredfish.com\/index.php?rest_route=\/wp\/v2\/types\/product"}],"replies":[{"embeddable":true,"href":"http:\/\/acuarioredfish.com\/index.php?rest_route=%2Fwp%2Fv2%2Fcomments&post=675"}],"wp:featuredmedia":[{"embeddable":true,"href":"http:\/\/acuarioredfish.com\/index.php?rest_route=\/wp\/v2\/media\/1728"}],"wp:attachment":[{"href":"http:\/\/acuarioredfish.com\/index.php?rest_route=%2Fwp%2Fv2%2Fmedia&parent=675"}],"wp:term":[{"taxonomy":"product_cat","embeddable":true,"href":"http:\/\/acuarioredfish.com\/index.php?rest_route=%2Fwp%2Fv2%2Fproduct_cat&post=675"},{"taxonomy":"product_tag","embeddable":true,"href":"http:\/\/acuarioredfish.com\/index.php?rest_route=%2Fwp%2Fv2%2Fproduct_tag&post=675"}],"curies":[{"name":"wp","href":"https:\/\/api.w.org\/{rel}","templated":true}]}}