{"id":698,"date":"2018-06-01T15:47:40","date_gmt":"2018-06-01T20:47:40","guid":{"rendered":"http:\/\/acuarioredfish.com\/?post_type=product&#038;p=698"},"modified":"2024-03-03T01:53:11","modified_gmt":"2024-03-03T06:53:11","slug":"micranthemum-umbrosum","status":"publish","type":"product","link":"http:\/\/acuarioredfish.com\/?product=micranthemum-umbrosum","title":{"rendered":"Micranthemum umbrosum"},"content":{"rendered":"<p><strong>Nombre:<\/strong>\u00a0<em>Micranthemum umbrosum<\/em><br \/>\n<strong>Familia:<\/strong>\u00a0<em>Linderniaceae<\/em><br \/>\n<strong>G\u00e9nero:<\/strong>\u00a0<em>Micranthemum<\/em><br \/>\n<strong>Procedencia:<\/strong>\u00a0Norteamerica y Am\u00e9rica Central<br \/>\n<strong>Dificultad:<\/strong>\u00a0Media<br \/>\n<strong>Crecimiento:<\/strong>\u00a0R\u00e1pido<br \/>\n<strong>Requerimientos lum\u00ednicos:<\/strong>\u00a0De altos a muy altos.<br \/>\n<strong>Tama\u00f1o:<\/strong>\u00a0De 10 a 15 cm de alto y hasta unos 15 de ancho.<br \/>\n<strong>Situaci\u00f3n en el acuario:<\/strong>\u00a0Zona media.<br \/>\n<strong>Reproducci\u00f3n:<\/strong>\u00a0Por esquejes, cortar y plantar.<br \/>\n<strong>Agua:<\/strong>\u00a0Ph: De 5,5 a 8; GH: De blanda a dura.<br \/>\n<strong>Temperatura:<\/strong>\u00a0de 20\u00ba a 26\u00ba.<br \/>\n<strong>Sustrato:<\/strong>\u00a0De granulometr\u00eda fina a media, a ser posible con sustrato nutritivo debajo. Sus ra\u00edces son muy peque\u00f1as y tiende a desplantarse f\u00e1cilmente.<br \/>\n<strong>CO2:<\/strong>\u00a0No es imprescindible.<br \/>\n<strong>Nutrientes y Bio-indicadores:<\/strong>\u00a0Se trata de una especie de metabolismo r\u00e1pido, muy dada a acusar antes que otras plantas la carencia de hierro, mediante el amarilleo de las hojas.<\/p>\n","protected":false},"excerpt":{"rendered":"<p>Tallo de 4 cm<\/p>\n","protected":false},"featured_media":704,"comment_status":"open","ping_status":"closed","template":"","meta":[],"product_cat":[59,66,35],"product_tag":[],"class_list":{"0":"post-698","1":"product","2":"type-product","3":"status-publish","4":"has-post-thumbnail","6":"product_cat-medianos-requerimientos","7":"product_cat-plantas-para-nanoacuarios","8":"product_cat-plantas-tipo-tallo","10":"first","11":"instock","12":"shipping-taxable","13":"purchasable","14":"product-type-variable","15":"has-default-attributes"},"_links":{"self":[{"href":"http:\/\/acuarioredfish.com\/index.php?rest_route=\/wp\/v2\/product\/698","targetHints":{"allow":["GET"]}}],"collection":[{"href":"http:\/\/acuarioredfish.com\/index.php?rest_route=\/wp\/v2\/product"}],"about":[{"href":"http:\/\/acuarioredfish.com\/index.php?rest_route=\/wp\/v2\/types\/product"}],"replies":[{"embeddable":true,"href":"http:\/\/acuarioredfish.com\/index.php?rest_route=%2Fwp%2Fv2%2Fcomments&post=698"}],"wp:featuredmedia":[{"embeddable":true,"href":"http:\/\/acuarioredfish.com\/index.php?rest_route=\/wp\/v2\/media\/704"}],"wp:attachment":[{"href":"http:\/\/acuarioredfish.com\/index.php?rest_route=%2Fwp%2Fv2%2Fmedia&parent=698"}],"wp:term":[{"taxonomy":"product_cat","embeddable":true,"href":"http:\/\/acuarioredfish.com\/index.php?rest_route=%2Fwp%2Fv2%2Fproduct_cat&post=698"},{"taxonomy":"product_tag","embeddable":true,"href":"http:\/\/acuarioredfish.com\/index.php?rest_route=%2Fwp%2Fv2%2Fproduct_tag&post=698"}],"curies":[{"name":"wp","href":"https:\/\/api.w.org\/{rel}","templated":true}]}}