{"id":785,"date":"2018-06-07T12:11:12","date_gmt":"2018-06-07T17:11:12","guid":{"rendered":"http:\/\/acuarioredfish.com\/?post_type=product&#038;p=785"},"modified":"2025-01-02T08:36:26","modified_gmt":"2025-01-02T13:36:26","slug":"proserpinaca-palustris","status":"publish","type":"product","link":"http:\/\/acuarioredfish.com\/?product=proserpinaca-palustris","title":{"rendered":"Proserpinaca palustris\u00a0"},"content":{"rendered":"<p><strong>Nombre cient\u00edfico:<\/strong>\u00a0<em>Proserpinaca palustris<\/em><br \/>\n<strong>Familia:<\/strong>\u00a0<em>Halogaraceae<\/em><br \/>\n<strong>Procedencia:<\/strong>\u00a0Cuba.<br \/>\n<strong>Dificultad:<\/strong>\u00a0Moderada a alta.<br \/>\n<strong>Crecimiento:<\/strong>\u00a0Moderado. Con aporte intenso de luz y nutrientes acelera su crecimiento.<br \/>\n<strong>Requerimientos lum\u00ednicos:<\/strong>\u00a0Altos. A partir de 1w\/l.<br \/>\n<strong>Tama\u00f1o:<\/strong>\u00a0En altura de 10 a 40 cm aprox.; En ancho de 5 a 15 cms aprox.<br \/>\n<strong>Situaci\u00f3n en el acuario:<\/strong>\u00a0Plano medio y fondo.<\/p>\n<p><strong>Reproducci\u00f3n:<\/strong>\u00a0Por esquejes y brotes laterales.<br \/>\n<strong>Agua:<\/strong>\u00a0Ph : De 5 a 8; GH : De blandas a duras.<br \/>\n<strong>Temperatura:<\/strong>\u00a0De 20\u00ba a 28\u00ba.<br \/>\n<strong>Sustrato:<\/strong>\u00a0Requiere de un sustrato nutritivo.<br \/>\n<strong>CO2:<\/strong>\u00a0Imprescindible. \u00d3ptimo 20\/25mg\/l.<br \/>\n<strong>Nutrientes y Bio-indicadores<\/strong>: Marcadora de Hierro(Fe).<br \/>\nEn ausencia de Fe : La planta palidece y pierde las hojas. El mismo efecto lo produce con una carencia de potasio.<br \/>\nCon niveles bajos de N y altos de P : Mostrar\u00e1 un crecimiento compacto con una coloraci\u00f3n de naranja a rojiza, caracter\u00edstica propia de esta planta con luz intensa y aporte extra de CO2.<br \/>\nCon niveles altos de N y bajos de P : Pierde su coloraci\u00f3n anaranjada y pasa a verde claro.<\/p>\n","protected":false},"excerpt":{"rendered":"<p>Tallo de 10 cm<\/p>\n","protected":false},"featured_media":770,"comment_status":"open","ping_status":"closed","template":"","meta":[],"product_cat":[59,56,35],"product_tag":[],"class_list":{"0":"post-785","1":"product","2":"type-product","3":"status-publish","4":"has-post-thumbnail","6":"product_cat-medianos-requerimientos","7":"product_cat-plantas_rojas","8":"product_cat-plantas-tipo-tallo","10":"first","11":"instock","12":"shipping-taxable","13":"purchasable","14":"product-type-variable","15":"has-default-attributes"},"_links":{"self":[{"href":"http:\/\/acuarioredfish.com\/index.php?rest_route=\/wp\/v2\/product\/785","targetHints":{"allow":["GET"]}}],"collection":[{"href":"http:\/\/acuarioredfish.com\/index.php?rest_route=\/wp\/v2\/product"}],"about":[{"href":"http:\/\/acuarioredfish.com\/index.php?rest_route=\/wp\/v2\/types\/product"}],"replies":[{"embeddable":true,"href":"http:\/\/acuarioredfish.com\/index.php?rest_route=%2Fwp%2Fv2%2Fcomments&post=785"}],"wp:featuredmedia":[{"embeddable":true,"href":"http:\/\/acuarioredfish.com\/index.php?rest_route=\/wp\/v2\/media\/770"}],"wp:attachment":[{"href":"http:\/\/acuarioredfish.com\/index.php?rest_route=%2Fwp%2Fv2%2Fmedia&parent=785"}],"wp:term":[{"taxonomy":"product_cat","embeddable":true,"href":"http:\/\/acuarioredfish.com\/index.php?rest_route=%2Fwp%2Fv2%2Fproduct_cat&post=785"},{"taxonomy":"product_tag","embeddable":true,"href":"http:\/\/acuarioredfish.com\/index.php?rest_route=%2Fwp%2Fv2%2Fproduct_tag&post=785"}],"curies":[{"name":"wp","href":"https:\/\/api.w.org\/{rel}","templated":true}]}}