{"id":955,"date":"2018-06-11T17:08:06","date_gmt":"2018-06-11T22:08:06","guid":{"rendered":"http:\/\/acuarioredfish.com\/?post_type=product&#038;p=955"},"modified":"2024-12-31T17:28:42","modified_gmt":"2024-12-31T22:28:42","slug":"gorgojo-del-mani","status":"publish","type":"product","link":"http:\/\/acuarioredfish.com\/?product=gorgojo-del-mani","title":{"rendered":"Gorgojo del man\u00ed"},"content":{"rendered":"<h5><strong>Especie<\/strong>: Ulomoides Dermestoides<\/h5>\n<h5><strong>Familia<\/strong>: <em>Tenebrionidae<\/em><\/h5>\n<h5><strong>Genero<\/strong>: <em>Palembus<\/em><\/h5>\n<p>&nbsp;<\/p>\n<p><strong>Origen<\/strong><\/p>\n<p>Originario de China y descubierto en 1891, com\u00fanmente llamado \u201cGorgojo o Escarabajo del man\u00ed\u201d, este peque\u00f1o tenebrio el cual ha sido popularmente utilizado en la medicina complementaria llamada Coleo terapia (tratamiento por medio de la ingesta de cole\u00f3pteros) fue distribuido inicialmente con el fin de ayudar en tratamientos contra el asma, posteriormente se descubri\u00f3 que era efectivo contra la diabetes, artrosis, Parkinson, psoriasis, distintos tipos de c\u00e1ncer y otras enfermedades.<\/p>\n<p>&nbsp;<\/p>\n<p><strong>Ciclo de Vida<\/strong><\/p>\n<p>El \u201cgorgojo del man\u00ed\u201d tiene un ciclo de vida de 20 meses, dando inicio en el huevo el cual es depositado en el sustrato o cama tras la c\u00f3pula de los progenitores, los huevos son incubados por un periodo de 16 a 18 d\u00edas, tiempo en el cual las larvas estar\u00e1n listas para salir, estas al nacer tendr\u00e1n un tama\u00f1o muy peque\u00f1o debido a que el huevo es sumamente diminuto, sin embargo una vez han nacido las larvas ir\u00e1n pasando por una serie de etapas de crecimiento, en total 11, hasta llegar a alcanzar un tama\u00f1o de 11 a 12 mm (tama\u00f1o ideal para nuestro fin de suministrarlas como alimento para nuestros peces), de aqu\u00ed llegar\u00e1n a convertirse en las llamadas pupas, las cuales son m\u00f3viles y miden cerca de 5 mm. Finalmente pasados unos 5 a 6 d\u00edas dichas pupas emergen en adultos de 5 mm de longitud y color blancuzco que ser\u00e1 reemplazado poco a poco por el color marr\u00f3n oscuro que habitualmente vemos en los adultos ya maduros, estos a su vez se reproducir\u00e1n para dar inicio nuevamente al ciclo.<\/p>\n<p>&nbsp;<\/p>\n<h5><strong>\u00a0<img loading=\"lazy\" decoding=\"async\" class=\" wp-image-959 aligncenter\" src=\"http:\/\/dvg.99b.mywebsitetransfer.com\/wp-content\/uploads\/2018\/06\/ciclo-biologico.jpg\" alt=\"\" width=\"861\" height=\"594\" srcset=\"http:\/\/acuarioredfish.com\/wp-content\/uploads\/2018\/06\/ciclo-biologico.jpg 597w, http:\/\/acuarioredfish.com\/wp-content\/uploads\/2018\/06\/ciclo-biologico-300x207.jpg 300w\" sizes=\"auto, (max-width: 861px) 100vw, 861px\" \/><\/strong><\/h5>\n<h5><\/h5>\n<h5><strong>Cultivo:<\/strong><\/h5>\n<p>Se necesitar\u00e1 los siguientes materiales:<\/p>\n<ol>\n<li><em>Recipiente contenedor:<\/em>aqu\u00ed mantendremos nuestro cultivo de \u201cgorgojos del man\u00ed\u201d, generalmente se utilizan peceras de 5 galones, recipientes de vidrio de boca ancha similares a los que se utilizan en los encurtidos, botellas de refresco de 3 litros, bien nos puede valer alguno de gaseosa, tuppers o cualquier contenedor que sea de f\u00e1cil acceso a la hora de disponer del cultivo pero sobre todo que el material del cual est\u00e9 hecho impida que los \u201cgorgojos\u201d puedan escalar por sus paredes y llegar as\u00ed a escapar.<\/li>\n<li><em>Malla mosquitera o alg\u00fan tipo de tela que permita el paso de ox\u00edgeno:<\/em>ser\u00e1 necesaria para tapar el recipiente donde se albergar\u00e1 el cultivo, adem\u00e1s de evitar que otros insectos tales como hormigas u otros \u201cgorgojos\u201d puedan ingresar y contaminar el cultivo, por \u00faltimo pero no menos importante permitir\u00e1 el ingreso de ox\u00edgeno.<\/li>\n<li><em>Herramientas:<\/em>para la construcci\u00f3n de nuestro cultivo necesitaremos adicionalmente cutter, tijeras, silic\u00f3n fr\u00edo o alg\u00fan otro tipo de pegamento para fijar la malla a la tapa del recipiente, una regla, un bol\u00edgrafo o marcador.<\/li>\n<li><em>Sustrato:<\/em>el sustrato o compost es b\u00e1sicamente la cama del cultivo, las larvas transforman el sustrato en granos semiconsumidos, polvo, exuvias (mudas) y excrementos, logrando un medio en el cual los adultos depositan sus huevos, las larvas regulan su temperatura corporal introduci\u00e9ndose mas o menos dentro del sustrato, dado que aprovechan la liberaci\u00f3n de gases por el proceso de fermentaci\u00f3n que se producir\u00e1 mas adelante, los materiales que podremos utilizar son: harina integral de salvado, man\u00ed (se puede agregar con todo y c\u00e1scara), harina de ma\u00edz, avena. Nos aseguraremos que el sustrato tenga un espesor aproximado de 1-1,5 cm.<\/li>\n<li><em>Alimento:<\/em>tambi\u00e9n es importante suministrarles alguna fuente de alimento para lo cual tenemos diferentes opciones como son, pan integral, avena en hojuelas, levadura de cerveza. Tambi\u00e9n podemos suministrarles l\u00edquidos por medio de c\u00e1scaras con alg\u00fan resto de pulpa como aguacate, pepino, mango o aplicando una dosis de agua con un atomizador, eso s\u00ed el agua debe ser mineral o de lluvia, nunca de red debido a que el cloro que contiene puede matar las larvas, como mencion\u00e9 lo ideal es aplicar una \u00fanica dosis para evitar mucha humedad o que el sustrato se vuelva pasta.<\/li>\n<\/ol>\n<h5><strong>Recomendaciones<\/strong><\/h5>\n<p>1.\u00a0Mantener el recipiente en un lugar fresco pero protegido de la humedad, la lluvia y luz del sol directa.<br \/>\n2.\u00a0Vigilar peri\u00f3dicamente para descartar la presencia de invasores como hormigas, \u00e1caros, otras especies de gorgojos, etc. En caso de que encontr\u00e1ramos que han entrado a nuestro cultivo es recomendable sacar tantos individuos de nuestros gorgojos como sea posible e iniciar con ellos un nuevo cultivo, desechando totalmente el sustrato y alimento anterior y limpiando el recipiente para asegurarnos de que no quede ning\u00fan invasor o producto de ellos dentro.<br \/>\n3.\u00a0De vez en cuando adicionar c\u00e1scaras cubiertas con pulpa de alguna fruta como mango, aguacate o verduras como pepino, etc. Nunca echar agua de grifo debido a que el cloro puede matar las larvas, la presencia de l\u00edquido favorece mucho el crecimiento de la poblaci\u00f3n.<\/p>\n","protected":false},"excerpt":{"rendered":"<p>Presentaci\u00f3n:<\/p>\n<p>01 taper de 10 cm de di\u00e1metro<\/p>\n","protected":false},"featured_media":956,"comment_status":"open","ping_status":"closed","template":"","meta":[],"product_cat":[26],"product_tag":[],"class_list":{"0":"post-955","1":"product","2":"type-product","3":"status-publish","4":"has-post-thumbnail","6":"product_cat-alimento-vivo","8":"first","9":"instock","10":"shipping-taxable","11":"purchasable","12":"product-type-variable","13":"has-default-attributes"},"_links":{"self":[{"href":"http:\/\/acuarioredfish.com\/index.php?rest_route=\/wp\/v2\/product\/955","targetHints":{"allow":["GET"]}}],"collection":[{"href":"http:\/\/acuarioredfish.com\/index.php?rest_route=\/wp\/v2\/product"}],"about":[{"href":"http:\/\/acuarioredfish.com\/index.php?rest_route=\/wp\/v2\/types\/product"}],"replies":[{"embeddable":true,"href":"http:\/\/acuarioredfish.com\/index.php?rest_route=%2Fwp%2Fv2%2Fcomments&post=955"}],"wp:featuredmedia":[{"embeddable":true,"href":"http:\/\/acuarioredfish.com\/index.php?rest_route=\/wp\/v2\/media\/956"}],"wp:attachment":[{"href":"http:\/\/acuarioredfish.com\/index.php?rest_route=%2Fwp%2Fv2%2Fmedia&parent=955"}],"wp:term":[{"taxonomy":"product_cat","embeddable":true,"href":"http:\/\/acuarioredfish.com\/index.php?rest_route=%2Fwp%2Fv2%2Fproduct_cat&post=955"},{"taxonomy":"product_tag","embeddable":true,"href":"http:\/\/acuarioredfish.com\/index.php?rest_route=%2Fwp%2Fv2%2Fproduct_tag&post=955"}],"curies":[{"name":"wp","href":"https:\/\/api.w.org\/{rel}","templated":true}]}}