{"id":967,"date":"2018-06-14T15:47:18","date_gmt":"2018-06-14T20:47:18","guid":{"rendered":"http:\/\/acuarioredfish.com\/?post_type=product&#038;p=967"},"modified":"2024-02-18T17:40:36","modified_gmt":"2024-02-18T22:40:36","slug":"macronutrientes","status":"publish","type":"product","link":"http:\/\/acuarioredfish.com\/?product=macronutrientes","title":{"rendered":"Abono Liquido MacroNutrientes"},"content":{"rendered":"<p>Nuestra formula ha sido desarrollada para suministrar de manera sistem\u00e1tica una proporci\u00f3n \u00f3ptima de nitr\u00f3geno, f\u00f3sforo y potasio a las plantas en paisajes acu\u00e1ticos y acuarios.<strong><span style=\"color: #0000ff;\"> ES COMPLETAMENTE INOFENSIVO PARA PECES,<\/span><\/strong> invertebrados y otros animales.<\/p>\n<p>1 mL de producto en 25 litros de agua de tu acuario le suministra:<\/p>\n<ul>\n<li>NO3&#8230;&#8230;.3.75 ppm<\/li>\n<li>PO4&#8230;&#8230;.0.65 ppm<\/li>\n<li>K&#8230;&#8230;&#8230;..3. 75 ppm<\/li>\n<\/ul>\n<p>\u00dasalo 2 a 3 veces por semana.<\/p>\n<p><span style=\"color: #000000;\">Formula super concentrada!!!&#8230;.<\/span> <span style=\"color: #008000;\"><strong>Un frasco de 250 ml de producto te alcanza para ABONAR un acuario plantado de 100 litros POR MEDIO A\u00d1O.<\/strong><\/span><\/p>\n<p>&nbsp;<\/p>\n","protected":false},"excerpt":{"rendered":"<p>Presentacion: Frascos de 250 ml, 500 ml y 1 L<\/p>\n","protected":false},"featured_media":993,"comment_status":"open","ping_status":"closed","template":"","meta":[],"product_cat":[27],"product_tag":[],"class_list":{"0":"post-967","1":"product","2":"type-product","3":"status-publish","4":"has-post-thumbnail","6":"product_cat-abonos-y-suplementos","8":"first","9":"instock","10":"shipping-taxable","11":"purchasable","12":"product-type-variable","13":"has-default-attributes"},"_links":{"self":[{"href":"http:\/\/acuarioredfish.com\/index.php?rest_route=\/wp\/v2\/product\/967","targetHints":{"allow":["GET"]}}],"collection":[{"href":"http:\/\/acuarioredfish.com\/index.php?rest_route=\/wp\/v2\/product"}],"about":[{"href":"http:\/\/acuarioredfish.com\/index.php?rest_route=\/wp\/v2\/types\/product"}],"replies":[{"embeddable":true,"href":"http:\/\/acuarioredfish.com\/index.php?rest_route=%2Fwp%2Fv2%2Fcomments&post=967"}],"wp:featuredmedia":[{"embeddable":true,"href":"http:\/\/acuarioredfish.com\/index.php?rest_route=\/wp\/v2\/media\/993"}],"wp:attachment":[{"href":"http:\/\/acuarioredfish.com\/index.php?rest_route=%2Fwp%2Fv2%2Fmedia&parent=967"}],"wp:term":[{"taxonomy":"product_cat","embeddable":true,"href":"http:\/\/acuarioredfish.com\/index.php?rest_route=%2Fwp%2Fv2%2Fproduct_cat&post=967"},{"taxonomy":"product_tag","embeddable":true,"href":"http:\/\/acuarioredfish.com\/index.php?rest_route=%2Fwp%2Fv2%2Fproduct_tag&post=967"}],"curies":[{"name":"wp","href":"https:\/\/api.w.org\/{rel}","templated":true}]}}