{"id":989,"date":"2018-06-15T23:31:50","date_gmt":"2018-06-16T04:31:50","guid":{"rendered":"http:\/\/acuarioredfish.com\/?post_type=product&#038;p=989"},"modified":"2024-02-18T17:38:34","modified_gmt":"2024-02-18T22:38:34","slug":"alguicida-y-carbono-liquido-glutaraldehido","status":"publish","type":"product","link":"http:\/\/acuarioredfish.com\/?product=alguicida-y-carbono-liquido-glutaraldehido","title":{"rendered":"Alguicida y Carbono L\u00edquido (Glutaraldehido)"},"content":{"rendered":"<p>Para la fotos\u00edntesis las plantas necesitan carbono, que, sin embargo, muchas veces no est\u00e1 presente en cantidades suficientes en el agua. La falta de carbono es uno de los principales factores limitantes del crecimiento de las plantas acu\u00e1ticas.<\/p>\n<p>Para proporcionar a las plantas la cantidad de carbono necesaria para un crecimiento \u00f3ptimo, ofrecemos una f\u00f3rmula de carbono l\u00edquido, que constituye una <span style=\"color: #0000ff;\"><strong>alternativa f\u00e1cil<\/strong><\/span> al sistema de abonado con CO<sub>2<\/sub>, pero que tambi\u00e9n lo puede complementar.<\/p>\n<p><span style=\"color: #99cc00;\">ES COMPLETAMENTE INOFENSIVO PARA PECES,<\/span> invertebrados y otros animales.<\/p>\n<p>1 mL de producto en 20 litros de agua de tu acuario le suministra:<\/p>\n<ul>\n<li>Glutaraldehido &#8230;0.75 ppm<\/li>\n<li>CO2 (convertido a partir de Glutaraldehido) a 0.66 &#8211; 1.64 ppm<\/li>\n<\/ul>\n<p>Dosis:<\/p>\n<ul>\n<li>Acuario Low Tech&#8230;&#8230;&#8230;1 ml\/40 L (4- 7 veces por semana)<\/li>\n<li>Acuario High Tech&#8230;&#8230;..1 ml\/20L (diarios)<\/li>\n<li>Alguicida&#8230;&#8230;&#8230;&#8230;&#8230;&#8230;&#8230;&#8230;1 ml\/10L (diarios por 7 a 14 d\u00edas en la zona afectada)<\/li>\n<\/ul>\n<p>&nbsp;<\/p>\n","protected":false},"excerpt":{"rendered":"<p>Presentaci\u00f3n: Frascos de 250 ml, 500 ml y 1 L<\/p>\n<p>&nbsp;<\/p>\n","protected":false},"featured_media":999,"comment_status":"open","ping_status":"closed","template":"","meta":[],"product_cat":[27],"product_tag":[],"class_list":{"0":"post-989","1":"product","2":"type-product","3":"status-publish","4":"has-post-thumbnail","6":"product_cat-abonos-y-suplementos","8":"first","9":"instock","10":"shipping-taxable","11":"purchasable","12":"product-type-variable","13":"has-default-attributes"},"_links":{"self":[{"href":"http:\/\/acuarioredfish.com\/index.php?rest_route=\/wp\/v2\/product\/989","targetHints":{"allow":["GET"]}}],"collection":[{"href":"http:\/\/acuarioredfish.com\/index.php?rest_route=\/wp\/v2\/product"}],"about":[{"href":"http:\/\/acuarioredfish.com\/index.php?rest_route=\/wp\/v2\/types\/product"}],"replies":[{"embeddable":true,"href":"http:\/\/acuarioredfish.com\/index.php?rest_route=%2Fwp%2Fv2%2Fcomments&post=989"}],"wp:featuredmedia":[{"embeddable":true,"href":"http:\/\/acuarioredfish.com\/index.php?rest_route=\/wp\/v2\/media\/999"}],"wp:attachment":[{"href":"http:\/\/acuarioredfish.com\/index.php?rest_route=%2Fwp%2Fv2%2Fmedia&parent=989"}],"wp:term":[{"taxonomy":"product_cat","embeddable":true,"href":"http:\/\/acuarioredfish.com\/index.php?rest_route=%2Fwp%2Fv2%2Fproduct_cat&post=989"},{"taxonomy":"product_tag","embeddable":true,"href":"http:\/\/acuarioredfish.com\/index.php?rest_route=%2Fwp%2Fv2%2Fproduct_tag&post=989"}],"curies":[{"name":"wp","href":"https:\/\/api.w.org\/{rel}","templated":true}]}}